{"id":10634,"date":"2020-03-15T18:33:31","date_gmt":"2020-03-15T18:33:31","guid":{"rendered":"https:\/\/openskycharity.international\/?post_type=product&#038;p=10634"},"modified":"2026-01-22T09:04:45","modified_gmt":"2026-01-22T09:04:45","slug":"erinnerungen-eines-sadhus","status":"publish","type":"product","link":"https:\/\/openskypress.com\/de\/product\/erinnerungen-eines-sadhus\/","title":{"rendered":"Ramana Maharshi Erinnerungen eines Sadhus"},"content":{"rendered":"<p>Der Engl\u00e4nder A. Chadwick, der sich sp\u00e4ter Sadhu Arunachala nannte, kam 1935 zu Ramana Maharshi nach Tiruvannamalai in S\u00fcdindien. Spontan fand er zu einer Vertautheit mit dem Maharshi, die in ihrer Art einmalig war. Nachdem Ramana Maharshi 1950 gestorben war, verlie\u00df Chadwick den Ramana Ashram nicht, wie so viele andere, sondern blieb.<\/p>\n<p>Erst als er von Freunden inst\u00e4ndig darum gebeten wurde, seine Erinnerungen niederzuschreiben, entstand dieses einzigartige Buch. Es wurde 1961, ein Jahr vor seinem Tod, ver\u00f6ffentlicht.<\/p>\n<p>Neben vielen Episoden aus dem Leben Sri Ramanas und des Ashrams jener Tage enth\u00e4lt es auch Chadwicks Reflexionen \u00fcber die Lehre des Maharshis.<\/p>\n<p>Die \u201eErinnerungen einen Sadhus\u201c geben dem Leser einen intimen Blick in das Leben von Sri Ramana Maharshi und in die vielf\u00e4ltigen Geschehnisse im Ashram jener Tage. Chadwicks spirituelle Betrachtungen zeugen von Reife und Verstand und sind eine gute Hilfe, die Lehren Ramanas besser zu verstehen.<\/p>\n\n    <div class=\"xs_social_share_widget xs_share_url after_content \t\tmain_content  wslu-style-1 wslu-share-box-shaped wslu-fill-colored wslu-none wslu-share-horizontal wslu-theme-font-no wslu-main_content\">\n\n\t\t\n        <ul>\n\t\t\t        <\/ul>\n    <\/div> \n","protected":false},"excerpt":{"rendered":"<p>Die \u201eErinnerungen einen Sadhus\u201c geben dem Leser einen intimen Blick in das Leben von Sri Ramana Maharshi und in die vielf\u00e4ltigen Geschehnisse im Ashram jener Tage. Chadwicks spirituelle Betrachtungen zeugen von Reife und Verstand und sind eine gute Hilfe, die Lehren Ramanas besser zu verstehen.<\/p>\n","protected":false},"featured_media":10583,"comment_status":"open","ping_status":"closed","template":"","meta":{"postBodyCss":"","postBodyMargin":[],"postBodyPadding":[],"postBodyBackground":{"backgroundType":"classic","gradient":""}},"product_brand":[],"product_cat":[369,384],"product_tag":[373,393,1035,1029,378,1034,425,494],"class_list":{"0":"post-10634","1":"product","2":"type-product","3":"status-publish","4":"has-post-thumbnail","6":"product_cat-bucher","7":"product_cat-ramana-maharshi-de","8":"product_tag-arunachala-de","9":"product_tag-ashram-de","10":"product_tag-indian-master-de","11":"product_tag-non-dualitaet","12":"product_tag-ramana-maharshi-de","13":"product_tag-sadhu","14":"product_tag-selbst-realisation","15":"product_tag-wahrheit","17":"first","18":"outofstock","19":"taxable","20":"shipping-taxable","21":"purchasable","22":"product-type-simple"},"yoast_head":"<!-- This site is optimized with the Yoast SEO plugin v26.6 - https:\/\/yoast.com\/wordpress\/plugins\/seo\/ -->\n<title>Ramana Maharshi Erinnerungen eines Sadhus - Spiritual Books &amp; Films Online Shop #1 | Open Sky Press DE<\/title>\n<meta name=\"robots\" content=\"index, follow, max-snippet:-1, max-image-preview:large, max-video-preview:-1\" \/>\n<link rel=\"canonical\" href=\"https:\/\/openskypress.com\/de\/product\/erinnerungen-eines-sadhus\/\" \/>\n<meta property=\"og:locale\" content=\"de_DE\" \/>\n<meta property=\"og:type\" content=\"article\" \/>\n<meta property=\"og:title\" content=\"Ramana Maharshi Erinnerungen eines Sadhus - Spiritual Books &amp; Films Online Shop #1 | Open Sky Press DE\" \/>\n<meta property=\"og:description\" content=\"Die \u201eErinnerungen einen Sadhus\u201c geben dem Leser einen intimen Blick in das Leben von Sri Ramana Maharshi und in die vielf\u00e4ltigen Geschehnisse im Ashram jener Tage. Chadwicks spirituelle Betrachtungen zeugen von Reife und Verstand und sind eine gute Hilfe, die Lehren Ramanas besser zu verstehen.\" \/>\n<meta property=\"og:url\" content=\"https:\/\/openskypress.com\/de\/product\/erinnerungen-eines-sadhus\/\" \/>\n<meta property=\"og:site_name\" content=\"Spiritual Books &amp; Films Online Shop #1 | Open Sky Press DE\" \/>\n<meta property=\"article:modified_time\" content=\"2026-01-22T09:04:45+00:00\" \/>\n<meta property=\"og:image\" content=\"https:\/\/openskypress.com\/wp-content\/uploads\/2020\/03\/ramana-maharshi-erinnerungen-eines-sadhus.jpg\" \/>\n\t<meta property=\"og:image:width\" content=\"490\" \/>\n\t<meta property=\"og:image:height\" content=\"720\" \/>\n\t<meta property=\"og:image:type\" content=\"image\/jpeg\" \/>\n<meta name=\"twitter:card\" content=\"summary_large_image\" \/>\n<meta name=\"twitter:label1\" content=\"Gesch\u00e4tzte Lesezeit\" \/>\n\t<meta name=\"twitter:data1\" content=\"1\u00a0Minute\" \/>\n<script type=\"application\/ld+json\" class=\"yoast-schema-graph\">{\"@context\":\"https:\/\/schema.org\",\"@graph\":[{\"@type\":\"WebPage\",\"@id\":\"https:\/\/openskypress.com\/de\/product\/erinnerungen-eines-sadhus\/\",\"url\":\"https:\/\/openskypress.com\/de\/product\/erinnerungen-eines-sadhus\/\",\"name\":\"Ramana Maharshi Erinnerungen eines Sadhus - Spiritual Books &amp; Films Online Shop #1 | Open Sky Press DE\",\"isPartOf\":{\"@id\":\"https:\/\/openskypress.com\/#website\"},\"primaryImageOfPage\":{\"@id\":\"https:\/\/openskypress.com\/de\/product\/erinnerungen-eines-sadhus\/#primaryimage\"},\"image\":{\"@id\":\"https:\/\/openskypress.com\/de\/product\/erinnerungen-eines-sadhus\/#primaryimage\"},\"thumbnailUrl\":\"https:\/\/openskypress.com\/wp-content\/uploads\/2020\/03\/ramana-maharshi-erinnerungen-eines-sadhus.jpg\",\"datePublished\":\"2020-03-15T18:33:31+00:00\",\"dateModified\":\"2026-01-22T09:04:45+00:00\",\"breadcrumb\":{\"@id\":\"https:\/\/openskypress.com\/de\/product\/erinnerungen-eines-sadhus\/#breadcrumb\"},\"inLanguage\":\"de\",\"potentialAction\":[{\"@type\":\"ReadAction\",\"target\":[\"https:\/\/openskypress.com\/de\/product\/erinnerungen-eines-sadhus\/\"]}]},{\"@type\":\"ImageObject\",\"inLanguage\":\"de\",\"@id\":\"https:\/\/openskypress.com\/de\/product\/erinnerungen-eines-sadhus\/#primaryimage\",\"url\":\"https:\/\/openskypress.com\/wp-content\/uploads\/2020\/03\/ramana-maharshi-erinnerungen-eines-sadhus.jpg\",\"contentUrl\":\"https:\/\/openskypress.com\/wp-content\/uploads\/2020\/03\/ramana-maharshi-erinnerungen-eines-sadhus.jpg\",\"width\":490,\"height\":720,\"caption\":\"Buch Erinnerungen eines Sadhus\"},{\"@type\":\"BreadcrumbList\",\"@id\":\"https:\/\/openskypress.com\/de\/product\/erinnerungen-eines-sadhus\/#breadcrumb\",\"itemListElement\":[{\"@type\":\"ListItem\",\"position\":1,\"name\":\"Home\",\"item\":\"https:\/\/openskypress.com\/es\/\"},{\"@type\":\"ListItem\",\"position\":2,\"name\":\"Shop\",\"item\":\"https:\/\/openskypress.com\/de\/shop\/\"},{\"@type\":\"ListItem\",\"position\":3,\"name\":\"Ramana Maharshi Erinnerungen eines Sadhus\"}]},{\"@type\":\"WebSite\",\"@id\":\"https:\/\/openskypress.com\/#website\",\"url\":\"https:\/\/openskypress.com\/\",\"name\":\"Spiritual Books & Films Online Shop #1 | Open Sky Press\",\"description\":\"Best store of Books &amp; DVDs about Satsang, Indian &amp; Western philosophy &amp; yoga. Spiritual teachers talks about awakening, enlightenment and mindfulness\",\"publisher\":{\"@id\":\"https:\/\/openskypress.com\/#organization\"},\"potentialAction\":[{\"@type\":\"SearchAction\",\"target\":{\"@type\":\"EntryPoint\",\"urlTemplate\":\"https:\/\/openskypress.com\/?s={search_term_string}\"},\"query-input\":{\"@type\":\"PropertyValueSpecification\",\"valueRequired\":true,\"valueName\":\"search_term_string\"}}],\"inLanguage\":\"de\"},{\"@type\":\"Organization\",\"@id\":\"https:\/\/openskypress.com\/#organization\",\"name\":\"Spiritual Books & Films Online Shop #1 | Open Sky Press\",\"url\":\"https:\/\/openskypress.com\/\",\"logo\":{\"@type\":\"ImageObject\",\"inLanguage\":\"de\",\"@id\":\"https:\/\/openskypress.com\/#\/schema\/logo\/image\/\",\"url\":\"https:\/\/openskypress.com\/wp-content\/uploads\/2020\/02\/logo-osp-1.png\",\"contentUrl\":\"https:\/\/openskypress.com\/wp-content\/uploads\/2020\/02\/logo-osp-1.png\",\"width\":222,\"height\":219,\"caption\":\"Spiritual Books & Films Online Shop #1 | Open Sky Press\"},\"image\":{\"@id\":\"https:\/\/openskypress.com\/#\/schema\/logo\/image\/\"}}]}<\/script>\n<!-- \/ Yoast SEO plugin. -->","yoast_head_json":{"title":"Ramana Maharshi Erinnerungen eines Sadhus - Spiritual Books &amp; Films Online Shop #1 | Open Sky Press DE","robots":{"index":"index","follow":"follow","max-snippet":"max-snippet:-1","max-image-preview":"max-image-preview:large","max-video-preview":"max-video-preview:-1"},"canonical":"https:\/\/openskypress.com\/de\/product\/erinnerungen-eines-sadhus\/","og_locale":"de_DE","og_type":"article","og_title":"Ramana Maharshi Erinnerungen eines Sadhus - Spiritual Books &amp; Films Online Shop #1 | Open Sky Press DE","og_description":"Die \u201eErinnerungen einen Sadhus\u201c geben dem Leser einen intimen Blick in das Leben von Sri Ramana Maharshi und in die vielf\u00e4ltigen Geschehnisse im Ashram jener Tage. Chadwicks spirituelle Betrachtungen zeugen von Reife und Verstand und sind eine gute Hilfe, die Lehren Ramanas besser zu verstehen.","og_url":"https:\/\/openskypress.com\/de\/product\/erinnerungen-eines-sadhus\/","og_site_name":"Spiritual Books &amp; Films Online Shop #1 | Open Sky Press DE","article_modified_time":"2026-01-22T09:04:45+00:00","og_image":[{"width":490,"height":720,"url":"https:\/\/openskypress.com\/wp-content\/uploads\/2020\/03\/ramana-maharshi-erinnerungen-eines-sadhus.jpg","type":"image\/jpeg"}],"twitter_card":"summary_large_image","twitter_misc":{"Gesch\u00e4tzte Lesezeit":"1\u00a0Minute"},"schema":{"@context":"https:\/\/schema.org","@graph":[{"@type":"WebPage","@id":"https:\/\/openskypress.com\/de\/product\/erinnerungen-eines-sadhus\/","url":"https:\/\/openskypress.com\/de\/product\/erinnerungen-eines-sadhus\/","name":"Ramana Maharshi Erinnerungen eines Sadhus - Spiritual Books &amp; Films Online Shop #1 | Open Sky Press DE","isPartOf":{"@id":"https:\/\/openskypress.com\/#website"},"primaryImageOfPage":{"@id":"https:\/\/openskypress.com\/de\/product\/erinnerungen-eines-sadhus\/#primaryimage"},"image":{"@id":"https:\/\/openskypress.com\/de\/product\/erinnerungen-eines-sadhus\/#primaryimage"},"thumbnailUrl":"https:\/\/openskypress.com\/wp-content\/uploads\/2020\/03\/ramana-maharshi-erinnerungen-eines-sadhus.jpg","datePublished":"2020-03-15T18:33:31+00:00","dateModified":"2026-01-22T09:04:45+00:00","breadcrumb":{"@id":"https:\/\/openskypress.com\/de\/product\/erinnerungen-eines-sadhus\/#breadcrumb"},"inLanguage":"de","potentialAction":[{"@type":"ReadAction","target":["https:\/\/openskypress.com\/de\/product\/erinnerungen-eines-sadhus\/"]}]},{"@type":"ImageObject","inLanguage":"de","@id":"https:\/\/openskypress.com\/de\/product\/erinnerungen-eines-sadhus\/#primaryimage","url":"https:\/\/openskypress.com\/wp-content\/uploads\/2020\/03\/ramana-maharshi-erinnerungen-eines-sadhus.jpg","contentUrl":"https:\/\/openskypress.com\/wp-content\/uploads\/2020\/03\/ramana-maharshi-erinnerungen-eines-sadhus.jpg","width":490,"height":720,"caption":"Buch Erinnerungen eines Sadhus"},{"@type":"BreadcrumbList","@id":"https:\/\/openskypress.com\/de\/product\/erinnerungen-eines-sadhus\/#breadcrumb","itemListElement":[{"@type":"ListItem","position":1,"name":"Home","item":"https:\/\/openskypress.com\/es\/"},{"@type":"ListItem","position":2,"name":"Shop","item":"https:\/\/openskypress.com\/de\/shop\/"},{"@type":"ListItem","position":3,"name":"Ramana Maharshi Erinnerungen eines Sadhus"}]},{"@type":"WebSite","@id":"https:\/\/openskypress.com\/#website","url":"https:\/\/openskypress.com\/","name":"Spiritual Books & Films Online Shop #1 | Open Sky Press","description":"Best store of Books &amp; DVDs about Satsang, Indian &amp; Western philosophy &amp; yoga. Spiritual teachers talks about awakening, enlightenment and mindfulness","publisher":{"@id":"https:\/\/openskypress.com\/#organization"},"potentialAction":[{"@type":"SearchAction","target":{"@type":"EntryPoint","urlTemplate":"https:\/\/openskypress.com\/?s={search_term_string}"},"query-input":{"@type":"PropertyValueSpecification","valueRequired":true,"valueName":"search_term_string"}}],"inLanguage":"de"},{"@type":"Organization","@id":"https:\/\/openskypress.com\/#organization","name":"Spiritual Books & Films Online Shop #1 | Open Sky Press","url":"https:\/\/openskypress.com\/","logo":{"@type":"ImageObject","inLanguage":"de","@id":"https:\/\/openskypress.com\/#\/schema\/logo\/image\/","url":"https:\/\/openskypress.com\/wp-content\/uploads\/2020\/02\/logo-osp-1.png","contentUrl":"https:\/\/openskypress.com\/wp-content\/uploads\/2020\/02\/logo-osp-1.png","width":222,"height":219,"caption":"Spiritual Books & Films Online Shop #1 | Open Sky Press"},"image":{"@id":"https:\/\/openskypress.com\/#\/schema\/logo\/image\/"}}]}},"_links":{"self":[{"href":"https:\/\/openskypress.com\/de\/wp-json\/wp\/v2\/product\/10634","targetHints":{"allow":["GET"]}}],"collection":[{"href":"https:\/\/openskypress.com\/de\/wp-json\/wp\/v2\/product"}],"about":[{"href":"https:\/\/openskypress.com\/de\/wp-json\/wp\/v2\/types\/product"}],"replies":[{"embeddable":true,"href":"https:\/\/openskypress.com\/de\/wp-json\/wp\/v2\/comments?post=10634"}],"wp:featuredmedia":[{"embeddable":true,"href":"https:\/\/openskypress.com\/de\/wp-json\/wp\/v2\/media\/10583"}],"wp:attachment":[{"href":"https:\/\/openskypress.com\/de\/wp-json\/wp\/v2\/media?parent=10634"}],"wp:term":[{"taxonomy":"product_brand","embeddable":true,"href":"https:\/\/openskypress.com\/de\/wp-json\/wp\/v2\/product_brand?post=10634"},{"taxonomy":"product_cat","embeddable":true,"href":"https:\/\/openskypress.com\/de\/wp-json\/wp\/v2\/product_cat?post=10634"},{"taxonomy":"product_tag","embeddable":true,"href":"https:\/\/openskypress.com\/de\/wp-json\/wp\/v2\/product_tag?post=10634"}],"curies":[{"name":"wp","href":"https:\/\/api.w.org\/{rel}","templated":true}]}}