{"id":10632,"date":"2020-03-15T18:15:37","date_gmt":"2020-03-15T18:15:37","guid":{"rendered":"https:\/\/openskycharity.international\/?post_type=product&#038;p=10632"},"modified":"2026-01-22T09:04:45","modified_gmt":"2026-01-22T09:04:45","slug":"goettlicher-sex","status":"publish","type":"product","link":"https:\/\/openskypress.com\/de\/product\/goettlicher-sex\/","title":{"rendered":"G\u00f6ttlicher Sex"},"content":{"rendered":"<p>Der Autor vermittelt einen neuen, einf\u00fchlsamen Einblick in die Natur der menschlichen Sexualit\u00e4t. Mit Liebe und Humor beantwortet er brennende Fragen zu sexuellen Problemen und zeigt einen Weg, um Sex wieder zu einer der sch\u00f6nsten Erfahrungen im Leben zu machen. Der Leser wird eingeladen, sich \u2013 auch mit Hilfe des praktischen \u00dcbungsteils \u2013 intensiv mit seiner Sexualit\u00e4t auseinanderzusetzen.<\/p>\n<p>\u201cSexuelle Energie ist nicht nur der prim\u00e4re Ausdruck der urspr\u00fcnglichen Energie, sie ist auch die feinste und zarteste Energie. Wenn du dich daf\u00fcr \u00f6ffnest, wird deine Sexualit\u00e4t exquisit sein; sie ist nicht derb, nicht verkrampft, nicht aggressiv. Sie wird frei sein von Angst.\u201d<\/p>\n<p>Michael Barnett war ein spiritueller Lehrer und Pionier der Energiearbeit. Mit seinen nat\u00fcrlichen Gaben begann er Anfang der siebziger Jahre einen Weg zu erkunden und eine einzigartige Form der Energiearbeit zu entwickeln, die viele Menschen weltweit bewegte.<\/p>\n<p>Er hat \u00fcber 40 B\u00fccher auf Englisch geschrieben, von denen viele in deutsch und anderen Sprachen \u00fcbersetzt wurden.<\/p>\n\n    <div class=\"xs_social_share_widget xs_share_url after_content \t\tmain_content  wslu-style-1 wslu-share-box-shaped wslu-fill-colored wslu-none wslu-share-horizontal wslu-theme-font-no wslu-main_content\">\n\n\t\t\n        <ul>\n\t\t\t        <\/ul>\n    <\/div> \n","protected":false},"excerpt":{"rendered":"<p>Michael Barnett vermittelt einen neuen, einf\u00fchlsamen Einblick in die Natur der menschlichen Sexualit\u00e4t und beantwortet mit Liebe und Humor brennende Fragen zu sexuellen Problemen. Im praktischen \u00dcbungsteil wird der Leser eingeladen sich intensiv mit seiner Sexualit\u00e4t auseinanderzusetzen.<\/p>\n","protected":false},"featured_media":10559,"comment_status":"open","ping_status":"closed","template":"","meta":{"postBodyCss":"","postBodyMargin":[],"postBodyPadding":[],"postBodyBackground":{"backgroundType":"classic","gradient":""}},"product_brand":[],"product_cat":[1246,369,385],"product_tag":[1029],"class_list":{"0":"post-10632","1":"product","2":"type-product","3":"status-publish","4":"has-post-thumbnail","6":"product_cat-westliche-meister","7":"product_cat-bucher","8":"product_cat-weitere-spirituelle-meister","9":"product_tag-non-dualitaet","11":"first","12":"instock","13":"taxable","14":"shipping-taxable","15":"purchasable","16":"product-type-simple"},"yoast_head":"<!-- This site is optimized with the Yoast SEO plugin v26.6 - https:\/\/yoast.com\/wordpress\/plugins\/seo\/ -->\n<title>G\u00f6ttlicher Sex - Spiritual Books &amp; Films Online Shop #1 | Open Sky Press DE<\/title>\n<meta name=\"robots\" content=\"index, follow, max-snippet:-1, max-image-preview:large, max-video-preview:-1\" \/>\n<link rel=\"canonical\" href=\"https:\/\/openskypress.com\/de\/product\/goettlicher-sex\/\" \/>\n<meta property=\"og:locale\" content=\"de_DE\" \/>\n<meta property=\"og:type\" content=\"article\" \/>\n<meta property=\"og:title\" content=\"G\u00f6ttlicher Sex - Spiritual Books &amp; Films Online Shop #1 | Open Sky Press DE\" \/>\n<meta property=\"og:description\" content=\"Michael Barnett vermittelt einen neuen, einf\u00fchlsamen Einblick in die Natur der menschlichen Sexualit\u00e4t und beantwortet mit Liebe und Humor brennende Fragen zu sexuellen Problemen. Im praktischen \u00dcbungsteil wird der Leser eingeladen sich intensiv mit seiner Sexualit\u00e4t auseinanderzusetzen.\" \/>\n<meta property=\"og:url\" content=\"https:\/\/openskypress.com\/de\/product\/goettlicher-sex\/\" \/>\n<meta property=\"og:site_name\" content=\"Spiritual Books &amp; Films Online Shop #1 | Open Sky Press DE\" \/>\n<meta property=\"article:modified_time\" content=\"2026-01-22T09:04:45+00:00\" \/>\n<meta property=\"og:image\" content=\"https:\/\/openskypress.com\/wp-content\/uploads\/2020\/03\/goettlicher-sex.jpg\" \/>\n\t<meta property=\"og:image:width\" content=\"490\" \/>\n\t<meta property=\"og:image:height\" content=\"720\" \/>\n\t<meta property=\"og:image:type\" content=\"image\/jpeg\" \/>\n<meta name=\"twitter:card\" content=\"summary_large_image\" \/>\n<meta name=\"twitter:label1\" content=\"Gesch\u00e4tzte Lesezeit\" \/>\n\t<meta name=\"twitter:data1\" content=\"1\u00a0Minute\" \/>\n<script type=\"application\/ld+json\" class=\"yoast-schema-graph\">{\"@context\":\"https:\/\/schema.org\",\"@graph\":[{\"@type\":\"WebPage\",\"@id\":\"https:\/\/openskypress.com\/de\/product\/goettlicher-sex\/\",\"url\":\"https:\/\/openskypress.com\/de\/product\/goettlicher-sex\/\",\"name\":\"G\u00f6ttlicher Sex - Spiritual Books &amp; Films Online Shop #1 | Open Sky Press DE\",\"isPartOf\":{\"@id\":\"https:\/\/openskypress.com\/#website\"},\"primaryImageOfPage\":{\"@id\":\"https:\/\/openskypress.com\/de\/product\/goettlicher-sex\/#primaryimage\"},\"image\":{\"@id\":\"https:\/\/openskypress.com\/de\/product\/goettlicher-sex\/#primaryimage\"},\"thumbnailUrl\":\"https:\/\/openskypress.com\/wp-content\/uploads\/2020\/03\/goettlicher-sex.jpg\",\"datePublished\":\"2020-03-15T18:15:37+00:00\",\"dateModified\":\"2026-01-22T09:04:45+00:00\",\"breadcrumb\":{\"@id\":\"https:\/\/openskypress.com\/de\/product\/goettlicher-sex\/#breadcrumb\"},\"inLanguage\":\"de\",\"potentialAction\":[{\"@type\":\"ReadAction\",\"target\":[\"https:\/\/openskypress.com\/de\/product\/goettlicher-sex\/\"]}]},{\"@type\":\"ImageObject\",\"inLanguage\":\"de\",\"@id\":\"https:\/\/openskypress.com\/de\/product\/goettlicher-sex\/#primaryimage\",\"url\":\"https:\/\/openskypress.com\/wp-content\/uploads\/2020\/03\/goettlicher-sex.jpg\",\"contentUrl\":\"https:\/\/openskypress.com\/wp-content\/uploads\/2020\/03\/goettlicher-sex.jpg\",\"width\":490,\"height\":720,\"caption\":\"Buch g\u00f6ttlicher Sex\"},{\"@type\":\"BreadcrumbList\",\"@id\":\"https:\/\/openskypress.com\/de\/product\/goettlicher-sex\/#breadcrumb\",\"itemListElement\":[{\"@type\":\"ListItem\",\"position\":1,\"name\":\"Home\",\"item\":\"https:\/\/openskypress.com\/es\/\"},{\"@type\":\"ListItem\",\"position\":2,\"name\":\"Shop\",\"item\":\"https:\/\/openskypress.com\/de\/shop\/\"},{\"@type\":\"ListItem\",\"position\":3,\"name\":\"G\u00f6ttlicher Sex\"}]},{\"@type\":\"WebSite\",\"@id\":\"https:\/\/openskypress.com\/#website\",\"url\":\"https:\/\/openskypress.com\/\",\"name\":\"Spiritual Books & Films Online Shop #1 | Open Sky Press\",\"description\":\"Best store of Books &amp; DVDs about Satsang, Indian &amp; Western philosophy &amp; yoga. Spiritual teachers talks about awakening, enlightenment and mindfulness\",\"publisher\":{\"@id\":\"https:\/\/openskypress.com\/#organization\"},\"potentialAction\":[{\"@type\":\"SearchAction\",\"target\":{\"@type\":\"EntryPoint\",\"urlTemplate\":\"https:\/\/openskypress.com\/?s={search_term_string}\"},\"query-input\":{\"@type\":\"PropertyValueSpecification\",\"valueRequired\":true,\"valueName\":\"search_term_string\"}}],\"inLanguage\":\"de\"},{\"@type\":\"Organization\",\"@id\":\"https:\/\/openskypress.com\/#organization\",\"name\":\"Spiritual Books & Films Online Shop #1 | Open Sky Press\",\"url\":\"https:\/\/openskypress.com\/\",\"logo\":{\"@type\":\"ImageObject\",\"inLanguage\":\"de\",\"@id\":\"https:\/\/openskypress.com\/#\/schema\/logo\/image\/\",\"url\":\"https:\/\/openskypress.com\/wp-content\/uploads\/2020\/02\/logo-osp-1.png\",\"contentUrl\":\"https:\/\/openskypress.com\/wp-content\/uploads\/2020\/02\/logo-osp-1.png\",\"width\":222,\"height\":219,\"caption\":\"Spiritual Books & Films Online Shop #1 | Open Sky Press\"},\"image\":{\"@id\":\"https:\/\/openskypress.com\/#\/schema\/logo\/image\/\"}}]}<\/script>\n<!-- \/ Yoast SEO plugin. -->","yoast_head_json":{"title":"G\u00f6ttlicher Sex - Spiritual Books &amp; Films Online Shop #1 | Open Sky Press DE","robots":{"index":"index","follow":"follow","max-snippet":"max-snippet:-1","max-image-preview":"max-image-preview:large","max-video-preview":"max-video-preview:-1"},"canonical":"https:\/\/openskypress.com\/de\/product\/goettlicher-sex\/","og_locale":"de_DE","og_type":"article","og_title":"G\u00f6ttlicher Sex - Spiritual Books &amp; Films Online Shop #1 | Open Sky Press DE","og_description":"Michael Barnett vermittelt einen neuen, einf\u00fchlsamen Einblick in die Natur der menschlichen Sexualit\u00e4t und beantwortet mit Liebe und Humor brennende Fragen zu sexuellen Problemen. Im praktischen \u00dcbungsteil wird der Leser eingeladen sich intensiv mit seiner Sexualit\u00e4t auseinanderzusetzen.","og_url":"https:\/\/openskypress.com\/de\/product\/goettlicher-sex\/","og_site_name":"Spiritual Books &amp; Films Online Shop #1 | Open Sky Press DE","article_modified_time":"2026-01-22T09:04:45+00:00","og_image":[{"width":490,"height":720,"url":"https:\/\/openskypress.com\/wp-content\/uploads\/2020\/03\/goettlicher-sex.jpg","type":"image\/jpeg"}],"twitter_card":"summary_large_image","twitter_misc":{"Gesch\u00e4tzte Lesezeit":"1\u00a0Minute"},"schema":{"@context":"https:\/\/schema.org","@graph":[{"@type":"WebPage","@id":"https:\/\/openskypress.com\/de\/product\/goettlicher-sex\/","url":"https:\/\/openskypress.com\/de\/product\/goettlicher-sex\/","name":"G\u00f6ttlicher Sex - Spiritual Books &amp; Films Online Shop #1 | Open Sky Press DE","isPartOf":{"@id":"https:\/\/openskypress.com\/#website"},"primaryImageOfPage":{"@id":"https:\/\/openskypress.com\/de\/product\/goettlicher-sex\/#primaryimage"},"image":{"@id":"https:\/\/openskypress.com\/de\/product\/goettlicher-sex\/#primaryimage"},"thumbnailUrl":"https:\/\/openskypress.com\/wp-content\/uploads\/2020\/03\/goettlicher-sex.jpg","datePublished":"2020-03-15T18:15:37+00:00","dateModified":"2026-01-22T09:04:45+00:00","breadcrumb":{"@id":"https:\/\/openskypress.com\/de\/product\/goettlicher-sex\/#breadcrumb"},"inLanguage":"de","potentialAction":[{"@type":"ReadAction","target":["https:\/\/openskypress.com\/de\/product\/goettlicher-sex\/"]}]},{"@type":"ImageObject","inLanguage":"de","@id":"https:\/\/openskypress.com\/de\/product\/goettlicher-sex\/#primaryimage","url":"https:\/\/openskypress.com\/wp-content\/uploads\/2020\/03\/goettlicher-sex.jpg","contentUrl":"https:\/\/openskypress.com\/wp-content\/uploads\/2020\/03\/goettlicher-sex.jpg","width":490,"height":720,"caption":"Buch g\u00f6ttlicher Sex"},{"@type":"BreadcrumbList","@id":"https:\/\/openskypress.com\/de\/product\/goettlicher-sex\/#breadcrumb","itemListElement":[{"@type":"ListItem","position":1,"name":"Home","item":"https:\/\/openskypress.com\/es\/"},{"@type":"ListItem","position":2,"name":"Shop","item":"https:\/\/openskypress.com\/de\/shop\/"},{"@type":"ListItem","position":3,"name":"G\u00f6ttlicher Sex"}]},{"@type":"WebSite","@id":"https:\/\/openskypress.com\/#website","url":"https:\/\/openskypress.com\/","name":"Spiritual Books & Films Online Shop #1 | Open Sky Press","description":"Best store of Books &amp; DVDs about Satsang, Indian &amp; Western philosophy &amp; yoga. Spiritual teachers talks about awakening, enlightenment and mindfulness","publisher":{"@id":"https:\/\/openskypress.com\/#organization"},"potentialAction":[{"@type":"SearchAction","target":{"@type":"EntryPoint","urlTemplate":"https:\/\/openskypress.com\/?s={search_term_string}"},"query-input":{"@type":"PropertyValueSpecification","valueRequired":true,"valueName":"search_term_string"}}],"inLanguage":"de"},{"@type":"Organization","@id":"https:\/\/openskypress.com\/#organization","name":"Spiritual Books & Films Online Shop #1 | Open Sky Press","url":"https:\/\/openskypress.com\/","logo":{"@type":"ImageObject","inLanguage":"de","@id":"https:\/\/openskypress.com\/#\/schema\/logo\/image\/","url":"https:\/\/openskypress.com\/wp-content\/uploads\/2020\/02\/logo-osp-1.png","contentUrl":"https:\/\/openskypress.com\/wp-content\/uploads\/2020\/02\/logo-osp-1.png","width":222,"height":219,"caption":"Spiritual Books & Films Online Shop #1 | Open Sky Press"},"image":{"@id":"https:\/\/openskypress.com\/#\/schema\/logo\/image\/"}}]}},"_links":{"self":[{"href":"https:\/\/openskypress.com\/de\/wp-json\/wp\/v2\/product\/10632","targetHints":{"allow":["GET"]}}],"collection":[{"href":"https:\/\/openskypress.com\/de\/wp-json\/wp\/v2\/product"}],"about":[{"href":"https:\/\/openskypress.com\/de\/wp-json\/wp\/v2\/types\/product"}],"replies":[{"embeddable":true,"href":"https:\/\/openskypress.com\/de\/wp-json\/wp\/v2\/comments?post=10632"}],"wp:featuredmedia":[{"embeddable":true,"href":"https:\/\/openskypress.com\/de\/wp-json\/wp\/v2\/media\/10559"}],"wp:attachment":[{"href":"https:\/\/openskypress.com\/de\/wp-json\/wp\/v2\/media?parent=10632"}],"wp:term":[{"taxonomy":"product_brand","embeddable":true,"href":"https:\/\/openskypress.com\/de\/wp-json\/wp\/v2\/product_brand?post=10632"},{"taxonomy":"product_cat","embeddable":true,"href":"https:\/\/openskypress.com\/de\/wp-json\/wp\/v2\/product_cat?post=10632"},{"taxonomy":"product_tag","embeddable":true,"href":"https:\/\/openskypress.com\/de\/wp-json\/wp\/v2\/product_tag?post=10632"}],"curies":[{"name":"wp","href":"https:\/\/api.w.org\/{rel}","templated":true}]}}