{"id":10628,"date":"2020-03-15T17:44:47","date_gmt":"2020-03-15T17:44:47","guid":{"rendered":"https:\/\/openskycharity.international\/?post_type=product&#038;p=10628"},"modified":"2026-01-22T09:04:45","modified_gmt":"2026-01-22T09:04:45","slug":"der-soma-weg-2","status":"publish","type":"product","link":"https:\/\/openskypress.com\/de\/product\/der-soma-weg-2\/","title":{"rendered":"Der Soma Weg"},"content":{"rendered":"<p>Zwar bekennt sich der Autor dazu, dass Worte nicht in der Lage sind, zu beschreiben, was er als Wirklichkeit erkannt hat, doch der Widerspruch, dies mit den Mitteln der Sprache ausdr\u00fccken zu wollen, ist nur scheinbar: Wer sich auf Michael Barnetts Zeilen einl\u00e4sst, erkennt, dass ihn seine Worte in die N\u00e4he einer Erfahrung f\u00fchren, die jenseits der Sprache liegt und ihn zur Stille bringt.<\/p>\n<p>Michael Barnett war ein spiritueller Lehrer und Pionier der Energiearbeit. Mit seinen nat\u00fcrlichen Gaben begann er Anfang der siebziger Jahre einen Weg zu erkunden und eine einzigartige Form der Energiearbeit zu entwickeln, die viele Menschen weltweit bewegte.<\/p>\n<p>1974 wurde er Sch\u00fcler des indischen Lehrers Osho und machte sich als Leiter von Intensivseminaren in Poona und anderen Rajneesh-Zentren auf der ganzen Welt einen Namen. 1982 verlie\u00df er diese Bewegung und begann Sch\u00fcler anzuziehen, die eine Gemeinschaft gr\u00fcndeten.<\/p>\n<p>Er hat \u00fcber 40 B\u00fccher auf Englisch geschrieben, von denen viele in deutsch und anderen Sprachen \u00fcbersetzt wurden.<\/p>\n\n    <div class=\"xs_social_share_widget xs_share_url after_content \t\tmain_content  wslu-style-1 wslu-share-box-shaped wslu-fill-colored wslu-none wslu-share-horizontal wslu-theme-font-no wslu-main_content\">\n\n\t\t\n        <ul>\n\t\t\t        <\/ul>\n    <\/div> \n","protected":false},"excerpt":{"rendered":"<p>In \u201aDas Herz des Universums\u2019 erz\u00e4hlen Sch\u00fcler von Michael Barnett von dem Einfluss seiner Lehre auf ihr allt\u00e4gliches Leben. Ihre Berichte gemeinsam mit Barnetts Antworten, bilden einen sehr lebendigen Dialog, der einf\u00fchlsam und direkt zeigt, wie wir aus jeder Situation unseres Lebens ins Herz des Universums fallen k\u00f6nnen.<\/p>\n","protected":false},"featured_media":10543,"comment_status":"open","ping_status":"closed","template":"","meta":{"postBodyCss":"","postBodyMargin":[],"postBodyPadding":[],"postBodyBackground":{"backgroundType":"classic","gradient":""}},"product_brand":[],"product_cat":[1246,369,385],"product_tag":[1029,425,494],"class_list":{"0":"post-10628","1":"product","2":"type-product","3":"status-publish","4":"has-post-thumbnail","6":"product_cat-westliche-meister","7":"product_cat-bucher","8":"product_cat-weitere-spirituelle-meister","9":"product_tag-non-dualitaet","10":"product_tag-selbst-realisation","11":"product_tag-wahrheit","13":"first","14":"instock","15":"taxable","16":"shipping-taxable","17":"purchasable","18":"product-type-simple"},"yoast_head":"<!-- This site is optimized with the Yoast SEO plugin v26.6 - https:\/\/yoast.com\/wordpress\/plugins\/seo\/ -->\n<title>Der Soma Weg - Spiritual Books &amp; Films Online Shop #1 | Open Sky Press DE<\/title>\n<meta name=\"robots\" content=\"index, follow, max-snippet:-1, max-image-preview:large, max-video-preview:-1\" \/>\n<link rel=\"canonical\" href=\"https:\/\/openskypress.com\/de\/product\/der-soma-weg-2\/\" \/>\n<meta property=\"og:locale\" content=\"de_DE\" \/>\n<meta property=\"og:type\" content=\"article\" \/>\n<meta property=\"og:title\" content=\"Der Soma Weg - Spiritual Books &amp; Films Online Shop #1 | Open Sky Press DE\" \/>\n<meta property=\"og:description\" content=\"In \u201aDas Herz des Universums\u2019 erz\u00e4hlen Sch\u00fcler von Michael Barnett von dem Einfluss seiner Lehre auf ihr allt\u00e4gliches Leben. Ihre Berichte gemeinsam mit Barnetts Antworten, bilden einen sehr lebendigen Dialog, der einf\u00fchlsam und direkt zeigt, wie wir aus jeder Situation unseres Lebens ins Herz des Universums fallen k\u00f6nnen.\" \/>\n<meta property=\"og:url\" content=\"https:\/\/openskypress.com\/de\/product\/der-soma-weg-2\/\" \/>\n<meta property=\"og:site_name\" content=\"Spiritual Books &amp; Films Online Shop #1 | Open Sky Press DE\" \/>\n<meta property=\"article:modified_time\" content=\"2026-01-22T09:04:45+00:00\" \/>\n<meta property=\"og:image\" content=\"https:\/\/openskypress.com\/wp-content\/uploads\/2020\/03\/der-soma-weg.jpg\" \/>\n\t<meta property=\"og:image:width\" content=\"490\" \/>\n\t<meta property=\"og:image:height\" content=\"720\" \/>\n\t<meta property=\"og:image:type\" content=\"image\/jpeg\" \/>\n<meta name=\"twitter:card\" content=\"summary_large_image\" \/>\n<meta name=\"twitter:label1\" content=\"Gesch\u00e4tzte Lesezeit\" \/>\n\t<meta name=\"twitter:data1\" content=\"1\u00a0Minute\" \/>\n<script type=\"application\/ld+json\" class=\"yoast-schema-graph\">{\"@context\":\"https:\/\/schema.org\",\"@graph\":[{\"@type\":\"WebPage\",\"@id\":\"https:\/\/openskypress.com\/de\/product\/der-soma-weg-2\/\",\"url\":\"https:\/\/openskypress.com\/de\/product\/der-soma-weg-2\/\",\"name\":\"Der Soma Weg - Spiritual Books &amp; Films Online Shop #1 | Open Sky Press DE\",\"isPartOf\":{\"@id\":\"https:\/\/openskypress.com\/#website\"},\"primaryImageOfPage\":{\"@id\":\"https:\/\/openskypress.com\/de\/product\/der-soma-weg-2\/#primaryimage\"},\"image\":{\"@id\":\"https:\/\/openskypress.com\/de\/product\/der-soma-weg-2\/#primaryimage\"},\"thumbnailUrl\":\"https:\/\/openskypress.com\/wp-content\/uploads\/2020\/03\/der-soma-weg.jpg\",\"datePublished\":\"2020-03-15T17:44:47+00:00\",\"dateModified\":\"2026-01-22T09:04:45+00:00\",\"breadcrumb\":{\"@id\":\"https:\/\/openskypress.com\/de\/product\/der-soma-weg-2\/#breadcrumb\"},\"inLanguage\":\"de\",\"potentialAction\":[{\"@type\":\"ReadAction\",\"target\":[\"https:\/\/openskypress.com\/de\/product\/der-soma-weg-2\/\"]}]},{\"@type\":\"ImageObject\",\"inLanguage\":\"de\",\"@id\":\"https:\/\/openskypress.com\/de\/product\/der-soma-weg-2\/#primaryimage\",\"url\":\"https:\/\/openskypress.com\/wp-content\/uploads\/2020\/03\/der-soma-weg.jpg\",\"contentUrl\":\"https:\/\/openskypress.com\/wp-content\/uploads\/2020\/03\/der-soma-weg.jpg\",\"width\":490,\"height\":720,\"caption\":\"Buch Michael Barnett Der Soma Weg\"},{\"@type\":\"BreadcrumbList\",\"@id\":\"https:\/\/openskypress.com\/de\/product\/der-soma-weg-2\/#breadcrumb\",\"itemListElement\":[{\"@type\":\"ListItem\",\"position\":1,\"name\":\"Home\",\"item\":\"https:\/\/openskypress.com\/es\/\"},{\"@type\":\"ListItem\",\"position\":2,\"name\":\"Shop\",\"item\":\"https:\/\/openskypress.com\/de\/shop\/\"},{\"@type\":\"ListItem\",\"position\":3,\"name\":\"Der Soma Weg\"}]},{\"@type\":\"WebSite\",\"@id\":\"https:\/\/openskypress.com\/#website\",\"url\":\"https:\/\/openskypress.com\/\",\"name\":\"Spiritual Books & Films Online Shop #1 | Open Sky Press\",\"description\":\"Best store of Books &amp; DVDs about Satsang, Indian &amp; Western philosophy &amp; yoga. Spiritual teachers talks about awakening, enlightenment and mindfulness\",\"publisher\":{\"@id\":\"https:\/\/openskypress.com\/#organization\"},\"potentialAction\":[{\"@type\":\"SearchAction\",\"target\":{\"@type\":\"EntryPoint\",\"urlTemplate\":\"https:\/\/openskypress.com\/?s={search_term_string}\"},\"query-input\":{\"@type\":\"PropertyValueSpecification\",\"valueRequired\":true,\"valueName\":\"search_term_string\"}}],\"inLanguage\":\"de\"},{\"@type\":\"Organization\",\"@id\":\"https:\/\/openskypress.com\/#organization\",\"name\":\"Spiritual Books & Films Online Shop #1 | Open Sky Press\",\"url\":\"https:\/\/openskypress.com\/\",\"logo\":{\"@type\":\"ImageObject\",\"inLanguage\":\"de\",\"@id\":\"https:\/\/openskypress.com\/#\/schema\/logo\/image\/\",\"url\":\"https:\/\/openskypress.com\/wp-content\/uploads\/2020\/02\/logo-osp-1.png\",\"contentUrl\":\"https:\/\/openskypress.com\/wp-content\/uploads\/2020\/02\/logo-osp-1.png\",\"width\":222,\"height\":219,\"caption\":\"Spiritual Books & Films Online Shop #1 | Open Sky Press\"},\"image\":{\"@id\":\"https:\/\/openskypress.com\/#\/schema\/logo\/image\/\"}}]}<\/script>\n<!-- \/ Yoast SEO plugin. -->","yoast_head_json":{"title":"Der Soma Weg - Spiritual Books &amp; Films Online Shop #1 | Open Sky Press DE","robots":{"index":"index","follow":"follow","max-snippet":"max-snippet:-1","max-image-preview":"max-image-preview:large","max-video-preview":"max-video-preview:-1"},"canonical":"https:\/\/openskypress.com\/de\/product\/der-soma-weg-2\/","og_locale":"de_DE","og_type":"article","og_title":"Der Soma Weg - Spiritual Books &amp; Films Online Shop #1 | Open Sky Press DE","og_description":"In \u201aDas Herz des Universums\u2019 erz\u00e4hlen Sch\u00fcler von Michael Barnett von dem Einfluss seiner Lehre auf ihr allt\u00e4gliches Leben. Ihre Berichte gemeinsam mit Barnetts Antworten, bilden einen sehr lebendigen Dialog, der einf\u00fchlsam und direkt zeigt, wie wir aus jeder Situation unseres Lebens ins Herz des Universums fallen k\u00f6nnen.","og_url":"https:\/\/openskypress.com\/de\/product\/der-soma-weg-2\/","og_site_name":"Spiritual Books &amp; Films Online Shop #1 | Open Sky Press DE","article_modified_time":"2026-01-22T09:04:45+00:00","og_image":[{"width":490,"height":720,"url":"https:\/\/openskypress.com\/wp-content\/uploads\/2020\/03\/der-soma-weg.jpg","type":"image\/jpeg"}],"twitter_card":"summary_large_image","twitter_misc":{"Gesch\u00e4tzte Lesezeit":"1\u00a0Minute"},"schema":{"@context":"https:\/\/schema.org","@graph":[{"@type":"WebPage","@id":"https:\/\/openskypress.com\/de\/product\/der-soma-weg-2\/","url":"https:\/\/openskypress.com\/de\/product\/der-soma-weg-2\/","name":"Der Soma Weg - Spiritual Books &amp; Films Online Shop #1 | Open Sky Press DE","isPartOf":{"@id":"https:\/\/openskypress.com\/#website"},"primaryImageOfPage":{"@id":"https:\/\/openskypress.com\/de\/product\/der-soma-weg-2\/#primaryimage"},"image":{"@id":"https:\/\/openskypress.com\/de\/product\/der-soma-weg-2\/#primaryimage"},"thumbnailUrl":"https:\/\/openskypress.com\/wp-content\/uploads\/2020\/03\/der-soma-weg.jpg","datePublished":"2020-03-15T17:44:47+00:00","dateModified":"2026-01-22T09:04:45+00:00","breadcrumb":{"@id":"https:\/\/openskypress.com\/de\/product\/der-soma-weg-2\/#breadcrumb"},"inLanguage":"de","potentialAction":[{"@type":"ReadAction","target":["https:\/\/openskypress.com\/de\/product\/der-soma-weg-2\/"]}]},{"@type":"ImageObject","inLanguage":"de","@id":"https:\/\/openskypress.com\/de\/product\/der-soma-weg-2\/#primaryimage","url":"https:\/\/openskypress.com\/wp-content\/uploads\/2020\/03\/der-soma-weg.jpg","contentUrl":"https:\/\/openskypress.com\/wp-content\/uploads\/2020\/03\/der-soma-weg.jpg","width":490,"height":720,"caption":"Buch Michael Barnett Der Soma Weg"},{"@type":"BreadcrumbList","@id":"https:\/\/openskypress.com\/de\/product\/der-soma-weg-2\/#breadcrumb","itemListElement":[{"@type":"ListItem","position":1,"name":"Home","item":"https:\/\/openskypress.com\/es\/"},{"@type":"ListItem","position":2,"name":"Shop","item":"https:\/\/openskypress.com\/de\/shop\/"},{"@type":"ListItem","position":3,"name":"Der Soma Weg"}]},{"@type":"WebSite","@id":"https:\/\/openskypress.com\/#website","url":"https:\/\/openskypress.com\/","name":"Spiritual Books & Films Online Shop #1 | Open Sky Press","description":"Best store of Books &amp; DVDs about Satsang, Indian &amp; Western philosophy &amp; yoga. Spiritual teachers talks about awakening, enlightenment and mindfulness","publisher":{"@id":"https:\/\/openskypress.com\/#organization"},"potentialAction":[{"@type":"SearchAction","target":{"@type":"EntryPoint","urlTemplate":"https:\/\/openskypress.com\/?s={search_term_string}"},"query-input":{"@type":"PropertyValueSpecification","valueRequired":true,"valueName":"search_term_string"}}],"inLanguage":"de"},{"@type":"Organization","@id":"https:\/\/openskypress.com\/#organization","name":"Spiritual Books & Films Online Shop #1 | Open Sky Press","url":"https:\/\/openskypress.com\/","logo":{"@type":"ImageObject","inLanguage":"de","@id":"https:\/\/openskypress.com\/#\/schema\/logo\/image\/","url":"https:\/\/openskypress.com\/wp-content\/uploads\/2020\/02\/logo-osp-1.png","contentUrl":"https:\/\/openskypress.com\/wp-content\/uploads\/2020\/02\/logo-osp-1.png","width":222,"height":219,"caption":"Spiritual Books & Films Online Shop #1 | Open Sky Press"},"image":{"@id":"https:\/\/openskypress.com\/#\/schema\/logo\/image\/"}}]}},"_links":{"self":[{"href":"https:\/\/openskypress.com\/de\/wp-json\/wp\/v2\/product\/10628","targetHints":{"allow":["GET"]}}],"collection":[{"href":"https:\/\/openskypress.com\/de\/wp-json\/wp\/v2\/product"}],"about":[{"href":"https:\/\/openskypress.com\/de\/wp-json\/wp\/v2\/types\/product"}],"replies":[{"embeddable":true,"href":"https:\/\/openskypress.com\/de\/wp-json\/wp\/v2\/comments?post=10628"}],"wp:featuredmedia":[{"embeddable":true,"href":"https:\/\/openskypress.com\/de\/wp-json\/wp\/v2\/media\/10543"}],"wp:attachment":[{"href":"https:\/\/openskypress.com\/de\/wp-json\/wp\/v2\/media?parent=10628"}],"wp:term":[{"taxonomy":"product_brand","embeddable":true,"href":"https:\/\/openskypress.com\/de\/wp-json\/wp\/v2\/product_brand?post=10628"},{"taxonomy":"product_cat","embeddable":true,"href":"https:\/\/openskypress.com\/de\/wp-json\/wp\/v2\/product_cat?post=10628"},{"taxonomy":"product_tag","embeddable":true,"href":"https:\/\/openskypress.com\/de\/wp-json\/wp\/v2\/product_tag?post=10628"}],"curies":[{"name":"wp","href":"https:\/\/api.w.org\/{rel}","templated":true}]}}