{"id":10622,"date":"2020-03-15T16:45:34","date_gmt":"2020-03-15T16:45:34","guid":{"rendered":"https:\/\/openskycharity.international\/?post_type=product&#038;p=10622"},"modified":"2026-01-22T09:04:45","modified_gmt":"2026-01-22T09:04:45","slug":"herz-des-universums","status":"publish","type":"product","link":"https:\/\/openskypress.com\/de\/product\/herz-des-universums\/","title":{"rendered":"Das Herz des Universums"},"content":{"rendered":"<p>In \u201aDas Herz des Universums\u2019 erz\u00e4hlen Sch\u00fcler von Michael Barnett von dem Einfluss seiner Lehre auf ihr allt\u00e4gliches Leben. Ihre Berichte gemeinsam mit Barnetts Antworten, bilden einen lebendigen Dialog, der authentisch den inneren Weg abbildet, den jeder auf der Suche nach Wahrheit zu gehen hat.<\/p>\n<p>Michael Barnett beantwortet in diesem Buch viele allt\u00e4gliche und aktuelle Fragen; einf\u00fchlsam und direkt zeigt er, wie wir aus jeder Situation unseres Lebens aus dem Bett unserer Tr\u00e4ume fallen k\u00f6nnen &#8211; ins Herz des Universums.<\/p>\n<p>Dabei sch\u00f6pft er aus seiner pers\u00f6nlichen Erfahrung als Lehrer und Meister, der bereits mit zehntausenden von Menschen gearbeitet hat, die auf der Suche immer wieder mit ihren Fragen zu ihm kommen.<\/p>\n<p align=\"justify\">\u201cDu kannst ein Streichholz anz\u00fcnden, und es wird dir Licht geben \u2013 f\u00fcr kurze Zeit. Du kannst eine Kerze anz\u00fcnden, und sie brennt l\u00e4nger als ein Streichholz, erl\u00f6scht aber ebenfalls. Selbst die Sonne scheint nur am Tag. Aber das Licht in dir \u2013 wenn du es einmal gefunden hast \u2013 erl\u00f6scht nie wieder. Du gehst darin spazieren. Du badest darin.\u201d<\/p>\n\n    <div class=\"xs_social_share_widget xs_share_url after_content \t\tmain_content  wslu-style-1 wslu-share-box-shaped wslu-fill-colored wslu-none wslu-share-horizontal wslu-theme-font-no wslu-main_content\">\n\n\t\t\n        <ul>\n\t\t\t        <\/ul>\n    <\/div> \n","protected":false},"excerpt":{"rendered":"<p>In \u201aDas Herz des Universums\u2019 erz\u00e4hlen Sch\u00fcler von Michael Barnett von dem Einfluss seiner Lehre auf ihr allt\u00e4gliches Leben. Ihre Berichte gemeinsam mit Barnetts Antworten, bilden einen sehr lebendigen Dialog, der einf\u00fchlsam und direkt zeigt, wie wir aus jeder Situation unseres Lebens ins Herz des Universums fallen k\u00f6nnen.<\/p>\n","protected":false},"featured_media":10539,"comment_status":"open","ping_status":"closed","template":"","meta":{"postBodyCss":"","postBodyMargin":[],"postBodyPadding":[],"postBodyBackground":{"backgroundType":"classic","gradient":""}},"product_brand":[],"product_cat":[1246,369,385],"product_tag":[1029,425,494],"class_list":{"0":"post-10622","1":"product","2":"type-product","3":"status-publish","4":"has-post-thumbnail","6":"product_cat-westliche-meister","7":"product_cat-bucher","8":"product_cat-weitere-spirituelle-meister","9":"product_tag-non-dualitaet","10":"product_tag-selbst-realisation","11":"product_tag-wahrheit","13":"first","14":"instock","15":"taxable","16":"shipping-taxable","17":"purchasable","18":"product-type-simple"},"yoast_head":"<!-- This site is optimized with the Yoast SEO plugin v26.6 - https:\/\/yoast.com\/wordpress\/plugins\/seo\/ -->\n<title>Das Herz des Universums - Spiritual Books &amp; Films Online Shop #1 | Open Sky Press DE<\/title>\n<meta name=\"robots\" content=\"index, follow, max-snippet:-1, max-image-preview:large, max-video-preview:-1\" \/>\n<link rel=\"canonical\" href=\"https:\/\/openskypress.com\/de\/product\/herz-des-universums\/\" \/>\n<meta property=\"og:locale\" content=\"de_DE\" \/>\n<meta property=\"og:type\" content=\"article\" \/>\n<meta property=\"og:title\" content=\"Das Herz des Universums - Spiritual Books &amp; Films Online Shop #1 | Open Sky Press DE\" \/>\n<meta property=\"og:description\" content=\"In \u201aDas Herz des Universums\u2019 erz\u00e4hlen Sch\u00fcler von Michael Barnett von dem Einfluss seiner Lehre auf ihr allt\u00e4gliches Leben. Ihre Berichte gemeinsam mit Barnetts Antworten, bilden einen sehr lebendigen Dialog, der einf\u00fchlsam und direkt zeigt, wie wir aus jeder Situation unseres Lebens ins Herz des Universums fallen k\u00f6nnen.\" \/>\n<meta property=\"og:url\" content=\"https:\/\/openskypress.com\/de\/product\/herz-des-universums\/\" \/>\n<meta property=\"og:site_name\" content=\"Spiritual Books &amp; Films Online Shop #1 | Open Sky Press DE\" \/>\n<meta property=\"article:modified_time\" content=\"2026-01-22T09:04:45+00:00\" \/>\n<meta property=\"og:image\" content=\"https:\/\/openskypress.com\/wp-content\/uploads\/2020\/03\/das-herz-des-universums.jpg\" \/>\n\t<meta property=\"og:image:width\" content=\"490\" \/>\n\t<meta property=\"og:image:height\" content=\"720\" \/>\n\t<meta property=\"og:image:type\" content=\"image\/jpeg\" \/>\n<meta name=\"twitter:card\" content=\"summary_large_image\" \/>\n<meta name=\"twitter:label1\" content=\"Gesch\u00e4tzte Lesezeit\" \/>\n\t<meta name=\"twitter:data1\" content=\"1\u00a0Minute\" \/>\n<script type=\"application\/ld+json\" class=\"yoast-schema-graph\">{\"@context\":\"https:\/\/schema.org\",\"@graph\":[{\"@type\":\"WebPage\",\"@id\":\"https:\/\/openskypress.com\/de\/product\/herz-des-universums\/\",\"url\":\"https:\/\/openskypress.com\/de\/product\/herz-des-universums\/\",\"name\":\"Das Herz des Universums - Spiritual Books &amp; Films Online Shop #1 | Open Sky Press DE\",\"isPartOf\":{\"@id\":\"https:\/\/openskypress.com\/#website\"},\"primaryImageOfPage\":{\"@id\":\"https:\/\/openskypress.com\/de\/product\/herz-des-universums\/#primaryimage\"},\"image\":{\"@id\":\"https:\/\/openskypress.com\/de\/product\/herz-des-universums\/#primaryimage\"},\"thumbnailUrl\":\"https:\/\/openskypress.com\/wp-content\/uploads\/2020\/03\/das-herz-des-universums.jpg\",\"datePublished\":\"2020-03-15T16:45:34+00:00\",\"dateModified\":\"2026-01-22T09:04:45+00:00\",\"breadcrumb\":{\"@id\":\"https:\/\/openskypress.com\/de\/product\/herz-des-universums\/#breadcrumb\"},\"inLanguage\":\"de\",\"potentialAction\":[{\"@type\":\"ReadAction\",\"target\":[\"https:\/\/openskypress.com\/de\/product\/herz-des-universums\/\"]}]},{\"@type\":\"ImageObject\",\"inLanguage\":\"de\",\"@id\":\"https:\/\/openskypress.com\/de\/product\/herz-des-universums\/#primaryimage\",\"url\":\"https:\/\/openskypress.com\/wp-content\/uploads\/2020\/03\/das-herz-des-universums.jpg\",\"contentUrl\":\"https:\/\/openskypress.com\/wp-content\/uploads\/2020\/03\/das-herz-des-universums.jpg\",\"width\":490,\"height\":720,\"caption\":\"Book Michael Barnett Das Herz des Universums\"},{\"@type\":\"BreadcrumbList\",\"@id\":\"https:\/\/openskypress.com\/de\/product\/herz-des-universums\/#breadcrumb\",\"itemListElement\":[{\"@type\":\"ListItem\",\"position\":1,\"name\":\"Home\",\"item\":\"https:\/\/openskypress.com\/es\/\"},{\"@type\":\"ListItem\",\"position\":2,\"name\":\"Shop\",\"item\":\"https:\/\/openskypress.com\/de\/shop\/\"},{\"@type\":\"ListItem\",\"position\":3,\"name\":\"Das Herz des Universums\"}]},{\"@type\":\"WebSite\",\"@id\":\"https:\/\/openskypress.com\/#website\",\"url\":\"https:\/\/openskypress.com\/\",\"name\":\"Spiritual Books & Films Online Shop #1 | Open Sky Press\",\"description\":\"Best store of Books &amp; DVDs about Satsang, Indian &amp; Western philosophy &amp; yoga. Spiritual teachers talks about awakening, enlightenment and mindfulness\",\"publisher\":{\"@id\":\"https:\/\/openskypress.com\/#organization\"},\"potentialAction\":[{\"@type\":\"SearchAction\",\"target\":{\"@type\":\"EntryPoint\",\"urlTemplate\":\"https:\/\/openskypress.com\/?s={search_term_string}\"},\"query-input\":{\"@type\":\"PropertyValueSpecification\",\"valueRequired\":true,\"valueName\":\"search_term_string\"}}],\"inLanguage\":\"de\"},{\"@type\":\"Organization\",\"@id\":\"https:\/\/openskypress.com\/#organization\",\"name\":\"Spiritual Books & Films Online Shop #1 | Open Sky Press\",\"url\":\"https:\/\/openskypress.com\/\",\"logo\":{\"@type\":\"ImageObject\",\"inLanguage\":\"de\",\"@id\":\"https:\/\/openskypress.com\/#\/schema\/logo\/image\/\",\"url\":\"https:\/\/openskypress.com\/wp-content\/uploads\/2020\/02\/logo-osp-1.png\",\"contentUrl\":\"https:\/\/openskypress.com\/wp-content\/uploads\/2020\/02\/logo-osp-1.png\",\"width\":222,\"height\":219,\"caption\":\"Spiritual Books & Films Online Shop #1 | Open Sky Press\"},\"image\":{\"@id\":\"https:\/\/openskypress.com\/#\/schema\/logo\/image\/\"}}]}<\/script>\n<!-- \/ Yoast SEO plugin. -->","yoast_head_json":{"title":"Das Herz des Universums - Spiritual Books &amp; Films Online Shop #1 | Open Sky Press DE","robots":{"index":"index","follow":"follow","max-snippet":"max-snippet:-1","max-image-preview":"max-image-preview:large","max-video-preview":"max-video-preview:-1"},"canonical":"https:\/\/openskypress.com\/de\/product\/herz-des-universums\/","og_locale":"de_DE","og_type":"article","og_title":"Das Herz des Universums - Spiritual Books &amp; Films Online Shop #1 | Open Sky Press DE","og_description":"In \u201aDas Herz des Universums\u2019 erz\u00e4hlen Sch\u00fcler von Michael Barnett von dem Einfluss seiner Lehre auf ihr allt\u00e4gliches Leben. Ihre Berichte gemeinsam mit Barnetts Antworten, bilden einen sehr lebendigen Dialog, der einf\u00fchlsam und direkt zeigt, wie wir aus jeder Situation unseres Lebens ins Herz des Universums fallen k\u00f6nnen.","og_url":"https:\/\/openskypress.com\/de\/product\/herz-des-universums\/","og_site_name":"Spiritual Books &amp; Films Online Shop #1 | Open Sky Press DE","article_modified_time":"2026-01-22T09:04:45+00:00","og_image":[{"width":490,"height":720,"url":"https:\/\/openskypress.com\/wp-content\/uploads\/2020\/03\/das-herz-des-universums.jpg","type":"image\/jpeg"}],"twitter_card":"summary_large_image","twitter_misc":{"Gesch\u00e4tzte Lesezeit":"1\u00a0Minute"},"schema":{"@context":"https:\/\/schema.org","@graph":[{"@type":"WebPage","@id":"https:\/\/openskypress.com\/de\/product\/herz-des-universums\/","url":"https:\/\/openskypress.com\/de\/product\/herz-des-universums\/","name":"Das Herz des Universums - Spiritual Books &amp; Films Online Shop #1 | Open Sky Press DE","isPartOf":{"@id":"https:\/\/openskypress.com\/#website"},"primaryImageOfPage":{"@id":"https:\/\/openskypress.com\/de\/product\/herz-des-universums\/#primaryimage"},"image":{"@id":"https:\/\/openskypress.com\/de\/product\/herz-des-universums\/#primaryimage"},"thumbnailUrl":"https:\/\/openskypress.com\/wp-content\/uploads\/2020\/03\/das-herz-des-universums.jpg","datePublished":"2020-03-15T16:45:34+00:00","dateModified":"2026-01-22T09:04:45+00:00","breadcrumb":{"@id":"https:\/\/openskypress.com\/de\/product\/herz-des-universums\/#breadcrumb"},"inLanguage":"de","potentialAction":[{"@type":"ReadAction","target":["https:\/\/openskypress.com\/de\/product\/herz-des-universums\/"]}]},{"@type":"ImageObject","inLanguage":"de","@id":"https:\/\/openskypress.com\/de\/product\/herz-des-universums\/#primaryimage","url":"https:\/\/openskypress.com\/wp-content\/uploads\/2020\/03\/das-herz-des-universums.jpg","contentUrl":"https:\/\/openskypress.com\/wp-content\/uploads\/2020\/03\/das-herz-des-universums.jpg","width":490,"height":720,"caption":"Book Michael Barnett Das Herz des Universums"},{"@type":"BreadcrumbList","@id":"https:\/\/openskypress.com\/de\/product\/herz-des-universums\/#breadcrumb","itemListElement":[{"@type":"ListItem","position":1,"name":"Home","item":"https:\/\/openskypress.com\/es\/"},{"@type":"ListItem","position":2,"name":"Shop","item":"https:\/\/openskypress.com\/de\/shop\/"},{"@type":"ListItem","position":3,"name":"Das Herz des Universums"}]},{"@type":"WebSite","@id":"https:\/\/openskypress.com\/#website","url":"https:\/\/openskypress.com\/","name":"Spiritual Books & Films Online Shop #1 | Open Sky Press","description":"Best store of Books &amp; DVDs about Satsang, Indian &amp; Western philosophy &amp; yoga. Spiritual teachers talks about awakening, enlightenment and mindfulness","publisher":{"@id":"https:\/\/openskypress.com\/#organization"},"potentialAction":[{"@type":"SearchAction","target":{"@type":"EntryPoint","urlTemplate":"https:\/\/openskypress.com\/?s={search_term_string}"},"query-input":{"@type":"PropertyValueSpecification","valueRequired":true,"valueName":"search_term_string"}}],"inLanguage":"de"},{"@type":"Organization","@id":"https:\/\/openskypress.com\/#organization","name":"Spiritual Books & Films Online Shop #1 | Open Sky Press","url":"https:\/\/openskypress.com\/","logo":{"@type":"ImageObject","inLanguage":"de","@id":"https:\/\/openskypress.com\/#\/schema\/logo\/image\/","url":"https:\/\/openskypress.com\/wp-content\/uploads\/2020\/02\/logo-osp-1.png","contentUrl":"https:\/\/openskypress.com\/wp-content\/uploads\/2020\/02\/logo-osp-1.png","width":222,"height":219,"caption":"Spiritual Books & Films Online Shop #1 | Open Sky Press"},"image":{"@id":"https:\/\/openskypress.com\/#\/schema\/logo\/image\/"}}]}},"_links":{"self":[{"href":"https:\/\/openskypress.com\/de\/wp-json\/wp\/v2\/product\/10622","targetHints":{"allow":["GET"]}}],"collection":[{"href":"https:\/\/openskypress.com\/de\/wp-json\/wp\/v2\/product"}],"about":[{"href":"https:\/\/openskypress.com\/de\/wp-json\/wp\/v2\/types\/product"}],"replies":[{"embeddable":true,"href":"https:\/\/openskypress.com\/de\/wp-json\/wp\/v2\/comments?post=10622"}],"wp:featuredmedia":[{"embeddable":true,"href":"https:\/\/openskypress.com\/de\/wp-json\/wp\/v2\/media\/10539"}],"wp:attachment":[{"href":"https:\/\/openskypress.com\/de\/wp-json\/wp\/v2\/media?parent=10622"}],"wp:term":[{"taxonomy":"product_brand","embeddable":true,"href":"https:\/\/openskypress.com\/de\/wp-json\/wp\/v2\/product_brand?post=10622"},{"taxonomy":"product_cat","embeddable":true,"href":"https:\/\/openskypress.com\/de\/wp-json\/wp\/v2\/product_cat?post=10622"},{"taxonomy":"product_tag","embeddable":true,"href":"https:\/\/openskypress.com\/de\/wp-json\/wp\/v2\/product_tag?post=10622"}],"curies":[{"name":"wp","href":"https:\/\/api.w.org\/{rel}","templated":true}]}}