{"id":3555,"date":"2019-04-22T11:38:21","date_gmt":"2019-04-22T11:38:21","guid":{"rendered":"https:\/\/openskycharity.international\/?page_id=3555"},"modified":"2023-07-05T12:30:46","modified_gmt":"2023-07-05T12:30:46","slug":"allgemeine-geschaeftsbedingungen","status":"publish","type":"page","link":"https:\/\/openskypress.com\/de\/allgemeine-geschaeftsbedingungen\/","title":{"rendered":"Allgemeine Gesch\u00e4ftsbedingungen"},"content":{"rendered":"<p>der Open Sky Press GbR., Leverkusen<br \/>\nRheinstr. 56<br \/>\n51371 Leverkusen<\/p>\n<p><b>I. Haftungsausschluss<\/b><br \/>\n<b>II. Allgemeine Gesch\u00e4ftsbedingungen f\u00fcr die Auslieferung<\/b><\/p>\n<div class=\"content_page_inner\">\n<div align=\"justify\">\n<p><b>I. Haftungsausschluss<\/b><\/p>\n<ol>\n<li>Inhalt des Onlineangebotes<br \/>\nDer Autor \u00fcbernimmt keinerlei Gew\u00e4hr f\u00fcr die Aktualit\u00e4t, Korrektheit, Vollst\u00e4ndigkeit oder Qualit\u00e4t der bereitgestellten Informationen. Haftungsanspr\u00fcche gegen den Autor, welche sich auf Sch\u00e4den materieller oder ideeller Art beziehen, die durch die Nutzung oder Nichtnutzung der dargebotenen Informationen bzw. durch die Nutzung fehlerhafter und unvollst\u00e4ndiger Informationen verursacht wurden, sind grunds\u00e4tzlich ausgeschlossen, sofern seitens des Autors kein nachweislich vors\u00e4tzliches oder grob fahrl\u00e4ssiges Verschulden vorliegt.\u2028Alle Angebote sind freibleibend und unverbindlich. Der Autor beh\u00e4lt es sich ausdr\u00fccklich vor, Teile der Seiten oder das gesamte Angebot ohne gesonderte Ank\u00fcndigung zu ver\u00e4ndern, zu erg\u00e4nzen, zu l\u00f6schen oder die Ver\u00f6ffentlichung zeitweise oder endg\u00fcltig einzustellen.<\/li>\n<li>Verweise und Links\u2028Bei direkten oder indirekten Verweisen auf fremde Webseiten, die au\u00dferhalb des Verantwortungsbereiches des Autors liegen, w\u00fcrde eine Haftungsverpflichtung ausschlie\u00dflich in dem Fall in Kraft treten, in dem der Autor von den Inhalten Kenntnis hat und es ihm technisch m\u00f6glich und zumutbar w\u00e4re, die Nutzung im Falle rechtswidriger Inhalte zu verhindern. Der Autor erkl\u00e4rt hiermit ausdr\u00fccklich, dass zum Zeitpunkt der Linksetzung keine illegalen Inhalte auf den zu verlinkenden Seiten erkennbar waren. Auf die aktuelle und zuk\u00fcnftige Gestaltung, die Inhalte oder die Urheberschaft der verlinkten\/verkn\u00fcpften Seiten hat der Autor keinerlei Einfluss. Deshalb distanziert er sich hiermit ausdr\u00fccklich von allen Inhalten aller verlinkten \/verkn\u00fcpften Seiten, die nach der Linksetzung ver\u00e4ndert wurden. Diese Feststellung gilt f\u00fcr alle innerhalb des eigenen Internetangebotes gesetzten Links und Verweise sowie f\u00fcr Fremdeintr\u00e4ge in vom Autor eingerichteten G\u00e4steb\u00fcchern, Diskussionsforen, Linkverzeichnissen, Mailinglisten und in allen anderen Formen von Datenbanken, auf deren Inhalt externe Schreibzugriffe m\u00f6glich sind. F\u00fcr illegale, fehlerhafte oder unvollst\u00e4ndige Inhalte und insbesondere f\u00fcr Sch\u00e4den, die aus der Nutzung oder Nichtnutzung solcherart dargebotener Informationen entstehen, haftet allein der Anbieter der Seite, auf welche verwiesen wurde, nicht derjenige, der \u00fcber Links auf die jeweilige Ver\u00f6ffentlichung lediglich verweist.<\/li>\n<li>Urheber- und Kennzeichenrecht\u2028Der Autor ist bestrebt, in allen Publikationen die Urheberrechte der verwendeten Bilder, Grafiken, Tondokumente, Videosequenzen und Texte zu beachten, von ihm selbst erstellte Bilder, Grafiken, Tondokumente, Videosequenzen und Texte zu nutzen oder auf lizenzfreie Grafiken, Tondokumente, Videosequenzen und Texte zur\u00fcckzugreifen. Alle innerhalb des Internetangebotes genannten und ggf. durch Dritte gesch\u00fctzten Marken- und Warenzeichen unterliegen uneingeschr\u00e4nkt den Bestimmungen des jeweils g\u00fcltigen Kennzeichenrechts und den Besitzrechten der jeweiligen eingetragenen Eigent\u00fcmer. Allein aufgrund der blo\u00dfen Nennung ist nicht der Schluss zu ziehen, dass Markenzeichen nicht durch Rechte Dritter gesch\u00fctzt sind!\u2028Das Copyright f\u00fcr ver\u00f6ffentlichte, vom Autor selbst erstellte Objekte bleibt allein beim Autor der Seiten. Eine Vervielf\u00e4ltigung oder Verwendung solcher Grafiken, Tondokumente, Videosequenzen und Texte in anderen elektronischen oder gedruckten Publikationen ist ohne ausdr\u00fcckliche Zustimmung des Autors nicht gestattet.<\/li>\n<li>Datenschutz\u2028Sofern innerhalb des Internetangebotes die M\u00f6glichkeit zur Eingabe pers\u00f6nlicher oder gesch\u00e4ftlicher Daten (E-Mailadressen, Namen, Anschriften) besteht, so erfolgt die Preisgabe dieser Daten seitens des Nutzers auf ausdr\u00fccklich freiwilliger Basis. Die Inanspruchnahme und Bezahlung aller angebotenen Dienste ist &#8211; soweit technisch m\u00f6glich und zumutbar &#8211; auch ohne Angabe solcher Daten bzw. unter Angabe anonymisierter Daten oder eines Pseudonyms gestattet. Die Nutzung der im Rahmen des Impressums oder vergleichbarer Angaben ver\u00f6ffentlichten Kontaktdaten wie Postanschriften, Telefon- und Faxnummern sowie Emailadressen durch Dritte zur \u00dcbersendung von nicht ausdr\u00fccklich angeforderten Informationen ist nicht gestattet. Rechtliche Schritte gegen die Versender von so genannten Spam-Mails bei Verst\u00f6ssen gegen dieses Verbot sind ausdr\u00fccklich vorbehalten.<\/li>\n<li>Rechtswirksamkeit dieses Haftungsausschlusses\u2028Dieser Haftungsausschluss ist als Teil des Internetangebotes zu betrachten, von dem aus auf diese Seite verwiesen wurde. Sofern Teile oder einzelne Formulierungen dieses Textes der geltenden Rechtslage nicht, nicht mehr oder nicht vollst\u00e4ndig entsprechen sollten, bleiben die \u00fcbrigen Teile des Dokumentes in ihrem Inhalt und ihrer G\u00fcltigkeit davon unber\u00fchrt.<\/li>\n<\/ol>\n<p><b>II. Allgemeine Gesch\u00e4ftsbedingungen (AGB)<\/b><\/p>\n<ul>\n<li>\u00a7 1<br \/>\nAuslieferung\u2028Die Open Sky Press GbR. liefert mit DPD oder der Deutschen Post AG.<\/p>\n<p>\u00a7 2 Geltungsbereich<br \/>\nF\u00fcr die Gesch\u00e4ftsbeziehung zwischen der Open Sky Press GbR. (im folgenden: Verk\u00e4ufer) und dem Besteller gelten ausschlie\u00dflich \u2013 auch f\u00fcr alle zuk\u00fcnftigen Gesch\u00e4fte \u2013 die nachfolgenden Allgemeinen Gesch\u00e4ftsbedingungen in ihrer zum Zeitpunkt der Bestellung g\u00fcltigen Fassung. Abweichende Bedingungen des Bestellers erkennt der Verk\u00e4ufer nicht an, es sei denn, er hat ausdr\u00fccklich ihrer Geltung zugestimmt.<\/p>\n<p>\u00a7 3<br \/>\nPreise \u2028Unsere Preise sind Endpreise in Euro. Sie enthalten die gesetzliche Mehrwertsteuer.\u2028 Die Lieferung erfolgt nur gegen Vorkasse. Sie erhalten neben der automatischen Bestellbest\u00e4tigung eine getrennte Rechnung, die der Ware beigelegt wird.<\/p>\n<p>\u00a7 4 Vertragsschluss<br \/>\nIhre Bestellung wird ausgel\u00f6st, wenn Sie die Ware in den Warenkorb gelegt und auf \u201eBestellung absenden\u201c klicken. Mit der Bestellung erkl\u00e4ren Sie verbindlich, die Ware erwerben zu wollen. Sie werden \u00fcber den Eingang Ihrer Bestellung umgehend per E-Mail informiert. Die Zugangsbest\u00e4tigung erfolgt automatisch und stellt noch keine Annahmeerkl\u00e4rung dar. Der Kaufvertrag kommt dadurch zustande, dass wir das in Ihrer Bestellung liegende Angebot zum Abschluss eines Kaufvertrags durch Lieferung der Ware annehmen .<\/p>\n<p>\u00a7 5 Zahlungs- und Lieferbedingungen<br \/>\nSofern nicht anders vereinbart, erfolgt die Lieferung ab Lager an die vom Besteller angegebene Lieferadresse. Sofern nicht anders verabredet, wird der Kaufpreis mit Zustandekommen des Vertrages f\u00e4llig. Der Besteller kann den Kaufpreis mittels \u00dcberweisung, per Paypal oder per Kreditkarte zahlen. Die Lieferzeit betr\u00e4gt in der Regel bis zu 7 Tagen nach Eingang Ihrer Bestellung.<\/p>\n<p>\u00a7 6 Widerrufsrecht<br \/>\nVerbrauchern steht ein gesetzliches Widerrufsrecht zu. Verbraucher ist jede nat\u00fcrliche Person, die ein Rechtsgesch\u00e4ft zu einem Zwecke abschlie\u00dft, der weder ihrer gewerblichen noch ihrer selbst\u00e4ndigen beruflichen T\u00e4tigkeit zugerechnet werden kann (\u00a7 13 BGB). \u2028Sie sind an Ihre Bestellung nicht mehr gebunden, wenn Sie diese innerhalb einer Frist von zwei Wochen nach Erhalt der Ware widerrufen. Der Widerruf bedarf keiner Begr\u00fcndung, muss aber schriftlich (z.B. per Brief, Fax oder E-Mail) oder durch R\u00fccksendung der Ware innerhalb von zwei Wochen erkl\u00e4rt werden. Zur Fristwahrung gen\u00fcgt die rechtzeitige Absendung des Widerrufes oder der Ware an diese Anschrift:<\/p>\n<p>Open Sky Press GbR., Rheinstr. 54,\u202851371 Leverkusen<br \/>\nE-Mail: office@openskycharity.international<br \/>\nFax: +49 (0)2173 &#8211; 4099205<\/p>\n<p>Im Falle eines Widerrufs sind Sie zur umgehenden R\u00fccksendung der Ware and die Open Sky Press GbR. verpflichtet. Eventuell bereits geleistete Zahlungen werden Ihnen zur\u00fcckerstattet. R\u00fccksendungen m\u00fcssen immer frei gemacht werden. Die R\u00fccksendekosten werden von der Open Sky Press GbR. erstattet, wenn dieselbe versehentlich eine falsche Ware geliefert haben sollte, wenn die Ware mangelhaft ist.\u2028\u2028Ein Widerrufsrecht besteht ausdr\u00fccklich nicht bei Lieferung von Audio- oder Videoaufzeichnungen (z.B. CD, Musik- oder Videokassetten) oder von Software, sofern Sie die versiegelte Verpackung (z.B. Folienverschwei\u00dfung) ge\u00f6ffnet haben.\u2028F\u00fcr den Fall des Widerrufs beh\u00e4lt sich die Open Sky Press GbR. Wertersatz f\u00fcr eine Verschlechterung der Ware vor, die auf einer &#8211; \u00fcber ihre Pr\u00fcfung hinausgehenden &#8211; Ingebrauchnahme der Ware beruht.<\/p>\n<p>\u00a7 7 Vorbehalt der Nichtverf\u00fcgbarkeit<br \/>\nWir behalten uns vor, von einer Ausf\u00fchrung Ihrer Bestellung abzusehen, wenn wir den bestellten Titel nicht vorr\u00e4tig haben, der nicht vorr\u00e4tige Titel beim Verlag vergriffen und die bestellte Ware infolgedessen nicht verf\u00fcgbar ist. In diesem Fall werden wir Sie unverz\u00fcglich \u00fcber die Nichtverf\u00fcgbarkeit informieren und einen gegebenenfalls von Ihnen bereits gezahlten Kaufpreis unverz\u00fcglich r\u00fcckerstatten.<\/p>\n<p>\u00a7 8 R\u00fccksendekosten<br \/>\nIm Falle eines Widerrufs (\u00a7 7) haben Sie die regelm\u00e4\u00dfigen Kosten der R\u00fccksendung zu tragen, wenn die gelieferte Ware der bestellten entspricht oder wenn Sie bei einem h\u00f6heren Preis der Ware zum Zeitpunkt des Widerrufs noch nicht die Gegenleistung oder eine vertraglich vereinbarte Teilzahlung erbracht haben.<\/p>\n<p>\u00a7 9 Transportsch\u00e4den, M\u00e4ngel, Falschlieferung<br \/>\nSollte die gelieferte Ware M\u00e4ngel aufweisen, so reklamieren Sie diese bitte gegen\u00fcber der Open Sky Press GbR. umgehend, sp\u00e4testens jedoch innerhalb zwei Wochen nach Erhalt der Ware. Mangelhafte, besch\u00e4digte oder falsch gelieferte Ware wird von der Open Sky Press GbR. anstandslos ersetzt.<\/p>\n<p>\u00a7 10 Aufrechnung, Zur\u00fcckbehaltung<br \/>\nEin Recht zur Aufrechnung steht dem Besteller nur zu, wenn seine Gegenanspr\u00fcche rechtskr\u00e4ftig festgestellt oder vom Verk\u00e4ufer anerkannt sind. Au\u00dferdem ist er zur Aus\u00fcbung eines Zur\u00fcckbehaltungsrechts nur insoweit befugt, als sein Gegenanspruch auf demselben Vertragsverh\u00e4ltnis beruht.<\/p>\n<p>\u00a7 11 Eigentumsvorbehalt<br \/>\nBis zur vollst\u00e4ndigen Erf\u00fcllung der Kaufpreisforderung durch den Besteller verbleibt die gelieferte Ware im Eigentum des Verk\u00e4ufers.\u2028\u2028\u2028\u2028\u00a7 13 Gew\u00e4hrleistung\u2028Liegt ein Mangel der Kaufsache vor, gelten die gesetzlichen Gew\u00e4hrleistungsvorschriften der \u00a7\u00a7 434 ff. BGB.<\/p>\n<p>\u00a7 12 Haftung<br \/>\nDie Open Sky Press GbR. haftet:\u2028- f\u00fcr vors\u00e4tzlich oder grob fahrl\u00e4ssig von der Open Sky Press GbR. verursachte Sch\u00e4den,\u2028- beim Fehlen zugesicherter Eigenschaften,\u2028- nach \u00a7\u00a7 1,4 Produkthaftungsgesetz,\u2028- im Falle der leichten Fahrl\u00e4ssigkeit h\u00f6chstens bis zum typischerweise vorhersehbaren Schaden, soweit dessen H\u00f6he den Kaufpreis nicht \u00fcberschreitet.<\/p>\n<p>\u00a7 13 Datenschutz<br \/>\nWir nutzen Ihre personenbezogenen Daten ausschlie\u00dflich f\u00fcr Zwecke rund um Ihre Bestellung, so z.B. f\u00fcr die Information zu Ihrem Bestellstatus und\/oder Lieferstatus und f\u00fcr interne Kundenanalysen. Pers\u00f6nliche Daten werden selbstverst\u00e4ndlich vertraulich behandelt und nicht an Dritte weitergegeben. Bitte sehen Sie auch unsere Datenschutzerkl\u00e4rung.\u2028Der Besteller stimmt der Erhebung, Verarbeitung und Nutzung der im Zusammenhang mit der Gesch\u00e4ftsbeziehung erhaltenen Daten ausdr\u00fccklich zu.\u2028 Der Besteller hat ein Recht auf Auskunft sowie ein Recht auf Berichtigung, Sperrung und L\u00f6schung seiner gespeicherten Daten. \u2028Eine \u00dcbermittlung der personenbezogenen Daten an Dritte erfolgt nur nach vorheriger Zustimmung des Kunden. Der Kunde erkl\u00e4rt sich mit der \u00dcbermittlung seiner personenbezogenen Daten an ein Inkassounternehmen, das in gleichem Ma\u00dfe an die Einhaltung der datenschutzrechtlichen Vorschriften gebunden ist, einverstanden.<\/p>\n<p>\u00a7 14 Anzuwendendes Recht \/ Gerichtsstand<br \/>\nEs gilt das Recht der Bundesrepublik Deutschland unter Ausschlu\u00df des UN-Kaufrechts. Ist der Kunde Kaufmann oder juristische Person des \u00f6ffentlichen Rechts, ist ausschlie\u00dflicher Gerichtsstand f\u00fcr alle Streitigkeiten aus dem Vertragsverh\u00e4ltnis das f\u00fcr unseren Firmensitz K\u00f6ln zust\u00e4ndige Gericht.<\/p>\n<p>\u00a7 15 Schlussbestimmung<br \/>\nSollte eine der vorstehenden Bestimmungen unwirksam oder nichtig sein, tritt an deren Stelle diejenige rechtlich zul\u00e4ssige Regelung, welche dem wirtschaftlichen Zweck der unwirksamen oder nichtigen Bestimmung am n\u00e4chsten kommt. Die Wirksamkeit der Bestimmungen im \u00fcbrigen bleibt unber\u00fchrt. Entsprechendes gilt f\u00fcr eine Regelungsl\u00fccke.<\/li>\n<\/ul>\n<\/div>\n<\/div>\n\n    <div class=\"xs_social_share_widget xs_share_url after_content \t\tmain_content  wslu-style-1 wslu-share-box-shaped wslu-fill-colored wslu-none wslu-share-horizontal wslu-theme-font-no wslu-main_content\">\n\n\t\t\n        <ul>\n\t\t\t        <\/ul>\n    <\/div> \n","protected":false},"excerpt":{"rendered":"<p>der Open Sky Press GbR., Leverkusen Rheinstr. 56 51371 Leverkusen I. Haftungsausschluss II. Allgemeine Gesch\u00e4ftsbedingungen f\u00fcr die Auslieferung I. Haftungsausschluss Inhalt des Onlineangebotes Der Autor \u00fcbernimmt keinerlei Gew\u00e4hr f\u00fcr die Aktualit\u00e4t, Korrektheit, Vollst\u00e4ndigkeit oder Qualit\u00e4t der bereitgestellten Informationen. Haftungsanspr\u00fcche gegen den Autor, welche sich auf Sch\u00e4den materieller oder ideeller Art beziehen, die durch die Nutzung [&hellip;]<\/p>\n","protected":false},"author":1,"featured_media":0,"parent":0,"menu_order":0,"comment_status":"closed","ping_status":"closed","template":"","meta":{"postBodyCss":"","postBodyMargin":[],"postBodyPadding":[],"postBodyBackground":{"backgroundType":"classic","gradient":""},"footnotes":""},"class_list":["post-3555","page","type-page","status-publish","hentry"],"yoast_head":"<!-- This site is optimized with the Yoast SEO plugin v26.6 - https:\/\/yoast.com\/wordpress\/plugins\/seo\/ -->\n<title>Allgemeine Gesch\u00e4ftsbedingungen - Spiritual Books &amp; Films Online Shop #1 | Open Sky Press DE<\/title>\n<meta name=\"robots\" content=\"index, follow, max-snippet:-1, max-image-preview:large, max-video-preview:-1\" \/>\n<link rel=\"canonical\" href=\"https:\/\/openskypress.com\/de\/allgemeine-geschaeftsbedingungen\/\" \/>\n<meta property=\"og:locale\" content=\"de_DE\" \/>\n<meta property=\"og:type\" content=\"article\" \/>\n<meta property=\"og:title\" content=\"Allgemeine Gesch\u00e4ftsbedingungen - Spiritual Books &amp; Films Online Shop #1 | Open Sky Press DE\" \/>\n<meta property=\"og:description\" content=\"der Open Sky Press GbR., Leverkusen Rheinstr. 56 51371 Leverkusen I. Haftungsausschluss II. Allgemeine Gesch\u00e4ftsbedingungen f\u00fcr die Auslieferung I. Haftungsausschluss Inhalt des Onlineangebotes Der Autor \u00fcbernimmt keinerlei Gew\u00e4hr f\u00fcr die Aktualit\u00e4t, Korrektheit, Vollst\u00e4ndigkeit oder Qualit\u00e4t der bereitgestellten Informationen. Haftungsanspr\u00fcche gegen den Autor, welche sich auf Sch\u00e4den materieller oder ideeller Art beziehen, die durch die Nutzung [&hellip;]\" \/>\n<meta property=\"og:url\" content=\"https:\/\/openskypress.com\/de\/allgemeine-geschaeftsbedingungen\/\" \/>\n<meta property=\"og:site_name\" content=\"Spiritual Books &amp; Films Online Shop #1 | Open Sky Press DE\" \/>\n<meta property=\"article:modified_time\" content=\"2023-07-05T12:30:46+00:00\" \/>\n<meta name=\"twitter:card\" content=\"summary_large_image\" \/>\n<meta name=\"twitter:label1\" content=\"Gesch\u00e4tzte Lesezeit\" \/>\n\t<meta name=\"twitter:data1\" content=\"8\u00a0Minuten\" \/>\n<script type=\"application\/ld+json\" class=\"yoast-schema-graph\">{\"@context\":\"https:\/\/schema.org\",\"@graph\":[{\"@type\":\"WebPage\",\"@id\":\"https:\/\/openskypress.com\/de\/allgemeine-geschaeftsbedingungen\/\",\"url\":\"https:\/\/openskypress.com\/de\/allgemeine-geschaeftsbedingungen\/\",\"name\":\"Allgemeine Gesch\u00e4ftsbedingungen - Spiritual Books &amp; Films Online Shop #1 | Open Sky Press DE\",\"isPartOf\":{\"@id\":\"https:\/\/openskypress.com\/#website\"},\"datePublished\":\"2019-04-22T11:38:21+00:00\",\"dateModified\":\"2023-07-05T12:30:46+00:00\",\"breadcrumb\":{\"@id\":\"https:\/\/openskypress.com\/de\/allgemeine-geschaeftsbedingungen\/#breadcrumb\"},\"inLanguage\":\"de\",\"potentialAction\":[{\"@type\":\"ReadAction\",\"target\":[\"https:\/\/openskypress.com\/de\/allgemeine-geschaeftsbedingungen\/\"]}]},{\"@type\":\"BreadcrumbList\",\"@id\":\"https:\/\/openskypress.com\/de\/allgemeine-geschaeftsbedingungen\/#breadcrumb\",\"itemListElement\":[{\"@type\":\"ListItem\",\"position\":1,\"name\":\"Home\",\"item\":\"https:\/\/openskypress.com\/es\/\"},{\"@type\":\"ListItem\",\"position\":2,\"name\":\"Allgemeine Gesch\u00e4ftsbedingungen\"}]},{\"@type\":\"WebSite\",\"@id\":\"https:\/\/openskypress.com\/#website\",\"url\":\"https:\/\/openskypress.com\/\",\"name\":\"Spiritual Books & Films Online Shop #1 | Open Sky Press\",\"description\":\"Best store of Books &amp; DVDs about Satsang, Indian &amp; Western philosophy &amp; yoga. Spiritual teachers talks about awakening, enlightenment and mindfulness\",\"publisher\":{\"@id\":\"https:\/\/openskypress.com\/#organization\"},\"potentialAction\":[{\"@type\":\"SearchAction\",\"target\":{\"@type\":\"EntryPoint\",\"urlTemplate\":\"https:\/\/openskypress.com\/?s={search_term_string}\"},\"query-input\":{\"@type\":\"PropertyValueSpecification\",\"valueRequired\":true,\"valueName\":\"search_term_string\"}}],\"inLanguage\":\"de\"},{\"@type\":\"Organization\",\"@id\":\"https:\/\/openskypress.com\/#organization\",\"name\":\"Spiritual Books & Films Online Shop #1 | Open Sky Press\",\"url\":\"https:\/\/openskypress.com\/\",\"logo\":{\"@type\":\"ImageObject\",\"inLanguage\":\"de\",\"@id\":\"https:\/\/openskypress.com\/#\/schema\/logo\/image\/\",\"url\":\"https:\/\/openskypress.com\/wp-content\/uploads\/2020\/02\/logo-osp-1.png\",\"contentUrl\":\"https:\/\/openskypress.com\/wp-content\/uploads\/2020\/02\/logo-osp-1.png\",\"width\":222,\"height\":219,\"caption\":\"Spiritual Books & Films Online Shop #1 | Open Sky Press\"},\"image\":{\"@id\":\"https:\/\/openskypress.com\/#\/schema\/logo\/image\/\"}}]}<\/script>\n<!-- \/ Yoast SEO plugin. -->","yoast_head_json":{"title":"Allgemeine Gesch\u00e4ftsbedingungen - Spiritual Books &amp; Films Online Shop #1 | Open Sky Press DE","robots":{"index":"index","follow":"follow","max-snippet":"max-snippet:-1","max-image-preview":"max-image-preview:large","max-video-preview":"max-video-preview:-1"},"canonical":"https:\/\/openskypress.com\/de\/allgemeine-geschaeftsbedingungen\/","og_locale":"de_DE","og_type":"article","og_title":"Allgemeine Gesch\u00e4ftsbedingungen - Spiritual Books &amp; Films Online Shop #1 | Open Sky Press DE","og_description":"der Open Sky Press GbR., Leverkusen Rheinstr. 56 51371 Leverkusen I. Haftungsausschluss II. Allgemeine Gesch\u00e4ftsbedingungen f\u00fcr die Auslieferung I. Haftungsausschluss Inhalt des Onlineangebotes Der Autor \u00fcbernimmt keinerlei Gew\u00e4hr f\u00fcr die Aktualit\u00e4t, Korrektheit, Vollst\u00e4ndigkeit oder Qualit\u00e4t der bereitgestellten Informationen. Haftungsanspr\u00fcche gegen den Autor, welche sich auf Sch\u00e4den materieller oder ideeller Art beziehen, die durch die Nutzung [&hellip;]","og_url":"https:\/\/openskypress.com\/de\/allgemeine-geschaeftsbedingungen\/","og_site_name":"Spiritual Books &amp; Films Online Shop #1 | Open Sky Press DE","article_modified_time":"2023-07-05T12:30:46+00:00","twitter_card":"summary_large_image","twitter_misc":{"Gesch\u00e4tzte Lesezeit":"8\u00a0Minuten"},"schema":{"@context":"https:\/\/schema.org","@graph":[{"@type":"WebPage","@id":"https:\/\/openskypress.com\/de\/allgemeine-geschaeftsbedingungen\/","url":"https:\/\/openskypress.com\/de\/allgemeine-geschaeftsbedingungen\/","name":"Allgemeine Gesch\u00e4ftsbedingungen - Spiritual Books &amp; Films Online Shop #1 | Open Sky Press DE","isPartOf":{"@id":"https:\/\/openskypress.com\/#website"},"datePublished":"2019-04-22T11:38:21+00:00","dateModified":"2023-07-05T12:30:46+00:00","breadcrumb":{"@id":"https:\/\/openskypress.com\/de\/allgemeine-geschaeftsbedingungen\/#breadcrumb"},"inLanguage":"de","potentialAction":[{"@type":"ReadAction","target":["https:\/\/openskypress.com\/de\/allgemeine-geschaeftsbedingungen\/"]}]},{"@type":"BreadcrumbList","@id":"https:\/\/openskypress.com\/de\/allgemeine-geschaeftsbedingungen\/#breadcrumb","itemListElement":[{"@type":"ListItem","position":1,"name":"Home","item":"https:\/\/openskypress.com\/es\/"},{"@type":"ListItem","position":2,"name":"Allgemeine Gesch\u00e4ftsbedingungen"}]},{"@type":"WebSite","@id":"https:\/\/openskypress.com\/#website","url":"https:\/\/openskypress.com\/","name":"Spiritual Books & Films Online Shop #1 | Open Sky Press","description":"Best store of Books &amp; DVDs about Satsang, Indian &amp; Western philosophy &amp; yoga. Spiritual teachers talks about awakening, enlightenment and mindfulness","publisher":{"@id":"https:\/\/openskypress.com\/#organization"},"potentialAction":[{"@type":"SearchAction","target":{"@type":"EntryPoint","urlTemplate":"https:\/\/openskypress.com\/?s={search_term_string}"},"query-input":{"@type":"PropertyValueSpecification","valueRequired":true,"valueName":"search_term_string"}}],"inLanguage":"de"},{"@type":"Organization","@id":"https:\/\/openskypress.com\/#organization","name":"Spiritual Books & Films Online Shop #1 | Open Sky Press","url":"https:\/\/openskypress.com\/","logo":{"@type":"ImageObject","inLanguage":"de","@id":"https:\/\/openskypress.com\/#\/schema\/logo\/image\/","url":"https:\/\/openskypress.com\/wp-content\/uploads\/2020\/02\/logo-osp-1.png","contentUrl":"https:\/\/openskypress.com\/wp-content\/uploads\/2020\/02\/logo-osp-1.png","width":222,"height":219,"caption":"Spiritual Books & Films Online Shop #1 | Open Sky Press"},"image":{"@id":"https:\/\/openskypress.com\/#\/schema\/logo\/image\/"}}]}},"_links":{"self":[{"href":"https:\/\/openskypress.com\/de\/wp-json\/wp\/v2\/pages\/3555","targetHints":{"allow":["GET"]}}],"collection":[{"href":"https:\/\/openskypress.com\/de\/wp-json\/wp\/v2\/pages"}],"about":[{"href":"https:\/\/openskypress.com\/de\/wp-json\/wp\/v2\/types\/page"}],"author":[{"embeddable":true,"href":"https:\/\/openskypress.com\/de\/wp-json\/wp\/v2\/users\/1"}],"replies":[{"embeddable":true,"href":"https:\/\/openskypress.com\/de\/wp-json\/wp\/v2\/comments?post=3555"}],"version-history":[{"count":2,"href":"https:\/\/openskypress.com\/de\/wp-json\/wp\/v2\/pages\/3555\/revisions"}],"predecessor-version":[{"id":12855,"href":"https:\/\/openskypress.com\/de\/wp-json\/wp\/v2\/pages\/3555\/revisions\/12855"}],"wp:attachment":[{"href":"https:\/\/openskypress.com\/de\/wp-json\/wp\/v2\/media?parent=3555"}],"curies":[{"name":"wp","href":"https:\/\/api.w.org\/{rel}","templated":true}]}}