{"id":3320,"date":"2019-03-19T16:45:24","date_gmt":"2019-03-19T16:45:24","guid":{"rendered":"https:\/\/openskycharity.international\/home\/"},"modified":"2025-10-18T16:43:46","modified_gmt":"2025-10-18T16:43:46","slug":"home","status":"publish","type":"page","link":"https:\/\/openskypress.com\/de\/home\/","title":{"rendered":"Home"},"content":{"rendered":"<p>[vc_row full_width=&#8220;stretch_row_content_no_spaces&#8220; css=&#8220;.vc_custom_1555708911255{margin-top: -18px !important;}&#8220;][vc_column offset=&#8220;vc_hidden-md vc_hidden-sm vc_hidden-xs&#8220;][layerslider_vc id=&#8220;5&#8243;][\/vc_column][\/vc_row][vc_row full_width=&#8220;stretch_row_content_no_spaces&#8220; css=&#8220;.vc_custom_1555708911255{margin-top: -18px !important;}&#8220;][vc_column offset=&#8220;vc_hidden-lg&#8220;][layerslider_vc id=&#8220;10&#8243;][\/vc_column][\/vc_row][vc_row][vc_column][vc_empty_space height=&#8220;40px&#8220;][\/vc_column][\/vc_row][vc_row][vc_column][vc_text_separator title=&#8220;Unsere Kategorien&#8220; color=&#8220;black&#8220;][\/vc_column][\/vc_row][vc_row][vc_column width=&#8220;1\/3&#8243;][laborator_image_banner image=&#8220;5358&#8243; img_size=&#8220;medium&#8220; is_category_link=&#8220;yes&#8220; product_term_id=&#8220;369&#8243; font_color=&#8220;#ffffff&#8220; animation=&#8220;zoomIn&#8220;][\/vc_column][vc_column width=&#8220;1\/3&#8243;][laborator_image_banner image=&#8220;5362&#8243; img_size=&#8220;medium&#8220; is_category_link=&#8220;yes&#8220; product_term_id=&#8220;390&#8243; font_color=&#8220;#ffffff&#8220; animation=&#8220;zoomIn&#8220;][\/vc_column][vc_column width=&#8220;1\/3&#8243;][laborator_image_banner image=&#8220;5366&#8243; img_size=&#8220;medium&#8220; is_category_link=&#8220;yes&#8220; product_term_id=&#8220;388&#8243; font_color=&#8220;#ffffff&#8220; animation=&#8220;zoomIn&#8220;][\/vc_column][\/vc_row][vc_row][vc_column][vc_btn title=&#8220;Mehr anzeigen&#8220; style=&#8220;custom&#8220; custom_background=&#8220;#bcbcbc&#8220; custom_text=&#8220;#666666&#8243; shape=&#8220;round&#8220; size=&#8220;lg&#8220; align=&#8220;center&#8220; link=&#8220;url:https%3A%2F%2Fopenskycharity.international%2Fde%2Fshop%2F|||&#8220;][\/vc_column][\/vc_row][vc_row][vc_column][vc_empty_space height=&#8220;40px&#8220;][vc_text_separator title=&#8220;Haupt-Autor&#8220; color=&#8220;black&#8220;][\/vc_column][\/vc_row][vc_row][vc_column width=&#8220;1\/4&#8243;][vc_single_image image=&#8220;5661&#8243; img_size=&#8220;full&#8220; alignment=&#8220;center&#8220; style=&#8220;vc_box_circle_2&#8243; onclick=&#8220;custom_link&#8220; link=&#8220;https:\/\/openskycharity.international\/product-category\/books\/john-david-books\/&#8220;][vc_column_text]<\/p>\n<p style=\"text-align: center; font-size: 25px;\">John David<\/p>\n<p>[\/vc_column_text][\/vc_column][vc_column width=&#8220;3\/4&#8243;][vc_column_text]<\/p>\n<div style=\"font-size: 18px; color: #000000; text-align: justify;\">\n<p><strong>John David <\/strong>ist spiritueller Lehrer, Autor, Filmemacher und Maler. Aufgewachsen in Gro\u00dfbritannien, besch\u00e4ftigte er sich schon in jungen Jahren mit der grunds\u00e4tzlichen Frage: &#8222;Worum geht es im Leben?&#8220; Nach dem Studium der Bauingenieurwesen und Architektur zog er nach Japan, wo er zum ersten Mal von Satsang und Osho h\u00f6rte. Kurze Zeit sp\u00e4ter kam er unerwartet zu Oshos Ashram in Pune, wo er f\u00fcnfzehn Jahre lang ein-und ausblieb. Nach dem Tod von Osho kam er vor die Haust\u00fcr seines zweiten Meisters, Sri <a href=\"https:\/\/en.wikipedia.org\/wiki\/H.W.L._Poonja\">H.W.L. Poonja<\/a>, auch bekannt als Papaji, der ein direkter Sch\u00fcler von Bhagwan Sri Ramana Maharshi war. Hier endeten zwanzig Jahre geistlicher Suche, und er entdeckte, &#8222;wer er wirklich war&#8220;. <a href=\"https:\/\/johndavidsatsang.international\/\">johndavidsatsang.international<\/a><\/p>\n<p>John David blieb f\u00fcr die n\u00e4chsten 5 Jahre bei Papaji, zog dann nach Australien, wo er begann, an Satsang-Treffen teilzunehmen. 2003 kehrte er nach Europa zur\u00fcck, begann zu reisen und Satsang in Deutschland zu geben. Nach einem Sommerfrische im Jahr 2004 gr\u00fcndeten John David und eine Gruppe von Sch\u00fclern gemeinsam eine spirituelle Gemeinschaft, Open Sky House, das sich auf Satsang und das spirituelle Erwachen konzentrierte, <a href=\"http:\/\/www.openskyhouse.international\">www.openskyhouse.international<\/a><\/p>\n<p>[expand title=&#8220;Weiterlesen&#8220;]John Davids Lehre wird von der \u00f6stlichen Advaita-Tradition beeinflusst. Die einfache und direkte Botschaft, die durch John David kommt, ist, ruhig zu werden, leer zu werden und zu entdecken, dass wir das Gl\u00fcck selbst sind. Seine Lehre und Anleitung findet in Satsang-Treffen und Exerzitien sowie im Alltag der Open Sky House-Gemeinden statt.<\/p>\n<p>Die Hauptgemeinde liegt in der N\u00e4he von K\u00f6ln in Deutschland, wo etwa 20 nahe Studierende aus verschiedenen L\u00e4ndern eng zusammenarbeiten und eng zusammenleben. Es ist zu einem internationalen Treffpunkt f\u00fcr Menschen geworden, die sich f\u00fcr Satsang und spirituelles Erwachen interessieren. 2013 unterst\u00fctzte John David eine Gruppe von Ukraine-Studenten, um eine Gemeinschaft in Trypillia bei Kiew zu gr\u00fcnden, und seit 2015 gibt es ein Open Sky House in Denia bei Valencia in Spanien an der Mittelmeerk\u00fcste.<\/p>\n<p>Es gibt einen regen Austausch zwischen allen drei Open Sky House Communities und John David reist zwischen ihnen hin und her, h\u00e4lt regelm\u00e4\u00dfige Wochenenden und Retreats ab und \u00fcbertr\u00e4gt an zwei Abenden in der Woche live Satsang \u00fcber das Internet www.johndavidsatsang.tv<\/p>\n<p>&nbsp;<\/p><\/div>\n<p>[\/vc_column_text][\/vc_column][\/vc_row][vc_row full_height=&#8220;yes&#8220; content_placement=&#8220;middle&#8220;][vc_column][vc_text_separator title=&#8220;Kommende Events mit John David&#8220; color=&#8220;black&#8220; el_class=&#8220;text-align: center&#8220;][vc_gallery type=&#8220;image_grid&#8220; images=&#8220;12146,11348,13880,13888&#8243; img_size=&#8220;200&#215;291&#8243; onclick=&#8220;custom_link&#8220; custom_links=&#8220;#E-8_aHR0cHMlM0ElMkYlMkZqb2huZGF2aWRzYXRzYW5nLmludGVybmF0aW9uYWwlMkZkZSUyRnpvb20tYXJjaGl2LTIlMkNodHRwcyUzQSUyRiUyRmpvaG5kYXZpZHNhdHNhbmcuaW50ZXJuYXRpb25hbCUyRmRlJTJGem9vbS1zYXRzYW5nJTJGJTJDaHR0cHMlM0ElMkYlMkZqb2huZGF2aWRzYXRzYW5nLmludGVybmF0aW9uYWwlMkZkZSUyRmluZGllbiUyRiUyQ2h0dHBzJTNBJTJGJTJGd3d3Lm9wZW5za3lob3VzZS5vcmclMkZtZWRpdGF0aW9uLXVuZC1zZWxic3RlcmZvcnNjaHVuZyUyRg==&#8220; css=&#8220;.vc_custom_1760805810065{margin-bottom: 100px !important;}&#8220;][vc_separator][\/vc_column][vc_column][vc_text_separator title=&#8220;Was die Leute sagen&#8220; color=&#8220;black&#8220; el_class=&#8220;text-align: center&#8220;][vc_column_text]<\/p>\n<div style=\"text-align: justify;\">\n<p>Vielen, vielen Dank f\u00fcr die Liebe mit der Ihre B\u00fccher und Filme gemacht sind. Wohltuend inspirierende Nahrung f\u00fcr Geist und Seele.<\/p>\n<p><i>Ole Jensen, D\u00e4nemark<\/i><\/p>\n<p>&nbsp;<\/p>\n<p>John Davids B\u00fccher haben einen ganz eigenen Stil, der mir echt gut gef\u00e4llt. Tiefgehend spirituell, super verst\u00e4ndlich und humorvoll geschrieben, gar nicht abgehoben, sondern mitten im Leben.<\/p>\n<p><i>Katja Koch, Deutschland<\/i><\/p>\n<p>[expand title=&#8220;Weiterlesen&#8220;]Ich bin sehr froh, dass Ihr diese inspirierenden und wundersch\u00f6n gestalteten B\u00fccher herausgebt. Diese Sch\u00e4tze begleiten mich nun schon seit Jahren und sind immer ein guter Wegweiser. Gerne schm\u00f6kere ich in Euren B\u00fcchern und finde immer wieder etwas Neues. Macht weiter so. Eure liebevolle Arbeit sind ein wirkliche Bereicherung in meinem Leben. Vielen Dank.<\/p>\n<p><i>Oliver aus Bayern<\/i><\/p>\n<p>&nbsp;<\/p>\n<p>Sch\u00f6n, dass eure Filme so viele Untertitel haben, da kann ich sie auch zu meinen Freunden ins Ausland schicken.<\/p>\n<p><i>Felix Danillo, Schweiz<\/i><\/p>\n<p>&nbsp;<\/p>\n<p>Besonders toll finde ich an euren B\u00fcchern, dass Ihr in jedem Buch sehr sch\u00f6ne und interessante Fotos habt.<\/p>\n<p><i>Joan Robinson, England<\/i><\/p>\n<p>[\/expand]<\/p><\/div>\n<p>[\/vc_column_text][\/vc_column][\/vc_row][vc_row][vc_column][\/vc_column][\/vc_row]<\/p>\n\n    <div class=\"xs_social_share_widget xs_share_url after_content \t\tmain_content  wslu-style-1 wslu-share-box-shaped wslu-fill-colored wslu-none wslu-share-horizontal wslu-theme-font-no wslu-main_content\">\n\n\t\t\n        <ul>\n\t\t\t        <\/ul>\n    <\/div> \n","protected":false},"excerpt":{"rendered":"<p>[vc_row full_width=&#8220;stretch_row_content_no_spaces&#8220; css=&#8220;.vc_custom_1555708911255{margin-top: -18px !important;}&#8220;][vc_column offset=&#8220;vc_hidden-md vc_hidden-sm vc_hidden-xs&#8220;][layerslider_vc id=&#8220;5&#8243;][\/vc_column][\/vc_row][vc_row full_width=&#8220;stretch_row_content_no_spaces&#8220; css=&#8220;.vc_custom_1555708911255{margin-top: -18px !important;}&#8220;][vc_column offset=&#8220;vc_hidden-lg&#8220;][layerslider_vc id=&#8220;10&#8243;][\/vc_column][\/vc_row][vc_row][vc_column][vc_empty_space height=&#8220;40px&#8220;][\/vc_column][\/vc_row][vc_row][vc_column][vc_text_separator title=&#8220;Unsere Kategorien&#8220; color=&#8220;black&#8220;][\/vc_column][\/vc_row][vc_row][vc_column width=&#8220;1\/3&#8243;][laborator_image_banner image=&#8220;5358&#8243; img_size=&#8220;medium&#8220; is_category_link=&#8220;yes&#8220; product_term_id=&#8220;369&#8243; font_color=&#8220;#ffffff&#8220; animation=&#8220;zoomIn&#8220;][\/vc_column][vc_column width=&#8220;1\/3&#8243;][laborator_image_banner image=&#8220;5362&#8243; img_size=&#8220;medium&#8220; is_category_link=&#8220;yes&#8220; product_term_id=&#8220;390&#8243; font_color=&#8220;#ffffff&#8220; animation=&#8220;zoomIn&#8220;][\/vc_column][vc_column width=&#8220;1\/3&#8243;][laborator_image_banner image=&#8220;5366&#8243; img_size=&#8220;medium&#8220; is_category_link=&#8220;yes&#8220; product_term_id=&#8220;388&#8243; font_color=&#8220;#ffffff&#8220; animation=&#8220;zoomIn&#8220;][\/vc_column][\/vc_row][vc_row][vc_column][vc_btn title=&#8220;Mehr anzeigen&#8220; style=&#8220;custom&#8220; custom_background=&#8220;#bcbcbc&#8220; custom_text=&#8220;#666666&#8243; shape=&#8220;round&#8220; size=&#8220;lg&#8220; align=&#8220;center&#8220; link=&#8220;url:https%3A%2F%2Fopenskycharity.international%2Fde%2Fshop%2F|||&#8220;][\/vc_column][\/vc_row][vc_row][vc_column][vc_empty_space height=&#8220;40px&#8220;][vc_text_separator title=&#8220;Haupt-Autor&#8220; color=&#8220;black&#8220;][\/vc_column][\/vc_row][vc_row][vc_column width=&#8220;1\/4&#8243;][vc_single_image image=&#8220;5661&#8243; img_size=&#8220;full&#8220; [&hellip;]<\/p>\n","protected":false},"author":1,"featured_media":0,"parent":0,"menu_order":0,"comment_status":"closed","ping_status":"closed","template":"","meta":{"postBodyCss":"","postBodyMargin":[],"postBodyPadding":[],"postBodyBackground":{"backgroundType":"classic","gradient":""},"footnotes":""},"class_list":["post-3320","page","type-page","status-publish","hentry"],"yoast_head":"<!-- This site is optimized with the Yoast SEO plugin v26.6 - https:\/\/yoast.com\/wordpress\/plugins\/seo\/ -->\n<title>Home - Spiritual Books &amp; Films Online Shop #1 | Open Sky Press DE<\/title>\n<meta name=\"robots\" content=\"index, follow, max-snippet:-1, max-image-preview:large, max-video-preview:-1\" \/>\n<link rel=\"canonical\" href=\"https:\/\/openskypress.com\/de\/home\/\" \/>\n<meta property=\"og:locale\" content=\"de_DE\" \/>\n<meta property=\"og:type\" content=\"article\" \/>\n<meta property=\"og:title\" content=\"Home - Spiritual Books &amp; Films Online Shop #1 | Open Sky Press DE\" \/>\n<meta property=\"og:description\" content=\"[vc_row full_width=&#8220;stretch_row_content_no_spaces&#8220; css=&#8220;.vc_custom_1555708911255{margin-top: -18px !important;}&#8220;][vc_column offset=&#8220;vc_hidden-md vc_hidden-sm vc_hidden-xs&#8220;][layerslider_vc id=&#8220;5&#8243;][\/vc_column][\/vc_row][vc_row full_width=&#8220;stretch_row_content_no_spaces&#8220; css=&#8220;.vc_custom_1555708911255{margin-top: -18px !important;}&#8220;][vc_column offset=&#8220;vc_hidden-lg&#8220;][layerslider_vc id=&#8220;10&#8243;][\/vc_column][\/vc_row][vc_row][vc_column][vc_empty_space height=&#8220;40px&#8220;][\/vc_column][\/vc_row][vc_row][vc_column][vc_text_separator title=&#8220;Unsere Kategorien&#8220; color=&#8220;black&#8220;][\/vc_column][\/vc_row][vc_row][vc_column width=&#8220;1\/3&#8243;][laborator_image_banner image=&#8220;5358&#8243; img_size=&#8220;medium&#8220; is_category_link=&#8220;yes&#8220; product_term_id=&#8220;369&#8243; font_color=&#8220;#ffffff&#8220; animation=&#8220;zoomIn&#8220;][\/vc_column][vc_column width=&#8220;1\/3&#8243;][laborator_image_banner image=&#8220;5362&#8243; img_size=&#8220;medium&#8220; is_category_link=&#8220;yes&#8220; product_term_id=&#8220;390&#8243; font_color=&#8220;#ffffff&#8220; animation=&#8220;zoomIn&#8220;][\/vc_column][vc_column width=&#8220;1\/3&#8243;][laborator_image_banner image=&#8220;5366&#8243; img_size=&#8220;medium&#8220; is_category_link=&#8220;yes&#8220; product_term_id=&#8220;388&#8243; font_color=&#8220;#ffffff&#8220; animation=&#8220;zoomIn&#8220;][\/vc_column][\/vc_row][vc_row][vc_column][vc_btn title=&#8220;Mehr anzeigen&#8220; style=&#8220;custom&#8220; custom_background=&#8220;#bcbcbc&#8220; custom_text=&#8220;#666666&#8243; shape=&#8220;round&#8220; size=&#8220;lg&#8220; align=&#8220;center&#8220; link=&#8220;url:https%3A%2F%2Fopenskycharity.international%2Fde%2Fshop%2F|||&#8220;][\/vc_column][\/vc_row][vc_row][vc_column][vc_empty_space height=&#8220;40px&#8220;][vc_text_separator title=&#8220;Haupt-Autor&#8220; color=&#8220;black&#8220;][\/vc_column][\/vc_row][vc_row][vc_column width=&#8220;1\/4&#8243;][vc_single_image image=&#8220;5661&#8243; img_size=&#8220;full&#8220; [&hellip;]\" \/>\n<meta property=\"og:url\" content=\"https:\/\/openskypress.com\/de\/home\/\" \/>\n<meta property=\"og:site_name\" content=\"Spiritual Books &amp; Films Online Shop #1 | Open Sky Press DE\" \/>\n<meta property=\"article:modified_time\" content=\"2025-10-18T16:43:46+00:00\" \/>\n<meta name=\"twitter:card\" content=\"summary_large_image\" \/>\n<meta name=\"twitter:label1\" content=\"Gesch\u00e4tzte Lesezeit\" \/>\n\t<meta name=\"twitter:data1\" content=\"5\u00a0Minuten\" \/>\n<script type=\"application\/ld+json\" class=\"yoast-schema-graph\">{\"@context\":\"https:\/\/schema.org\",\"@graph\":[{\"@type\":\"WebPage\",\"@id\":\"https:\/\/openskypress.com\/de\/home\/\",\"url\":\"https:\/\/openskypress.com\/de\/home\/\",\"name\":\"Home - Spiritual Books &amp; Films Online Shop #1 | Open Sky Press DE\",\"isPartOf\":{\"@id\":\"https:\/\/openskypress.com\/#website\"},\"datePublished\":\"2019-03-19T16:45:24+00:00\",\"dateModified\":\"2025-10-18T16:43:46+00:00\",\"breadcrumb\":{\"@id\":\"https:\/\/openskypress.com\/de\/home\/#breadcrumb\"},\"inLanguage\":\"de\",\"potentialAction\":[{\"@type\":\"ReadAction\",\"target\":[\"https:\/\/openskypress.com\/de\/home\/\"]}]},{\"@type\":\"BreadcrumbList\",\"@id\":\"https:\/\/openskypress.com\/de\/home\/#breadcrumb\",\"itemListElement\":[{\"@type\":\"ListItem\",\"position\":1,\"name\":\"Home\",\"item\":\"https:\/\/openskypress.com\/es\/\"},{\"@type\":\"ListItem\",\"position\":2,\"name\":\"Home\"}]},{\"@type\":\"WebSite\",\"@id\":\"https:\/\/openskypress.com\/#website\",\"url\":\"https:\/\/openskypress.com\/\",\"name\":\"Spiritual Books & Films Online Shop #1 | Open Sky Press\",\"description\":\"Best store of Books &amp; DVDs about Satsang, Indian &amp; Western philosophy &amp; yoga. Spiritual teachers talks about awakening, enlightenment and mindfulness\",\"publisher\":{\"@id\":\"https:\/\/openskypress.com\/#organization\"},\"potentialAction\":[{\"@type\":\"SearchAction\",\"target\":{\"@type\":\"EntryPoint\",\"urlTemplate\":\"https:\/\/openskypress.com\/?s={search_term_string}\"},\"query-input\":{\"@type\":\"PropertyValueSpecification\",\"valueRequired\":true,\"valueName\":\"search_term_string\"}}],\"inLanguage\":\"de\"},{\"@type\":\"Organization\",\"@id\":\"https:\/\/openskypress.com\/#organization\",\"name\":\"Spiritual Books & Films Online Shop #1 | Open Sky Press\",\"url\":\"https:\/\/openskypress.com\/\",\"logo\":{\"@type\":\"ImageObject\",\"inLanguage\":\"de\",\"@id\":\"https:\/\/openskypress.com\/#\/schema\/logo\/image\/\",\"url\":\"https:\/\/openskypress.com\/wp-content\/uploads\/2020\/02\/logo-osp-1.png\",\"contentUrl\":\"https:\/\/openskypress.com\/wp-content\/uploads\/2020\/02\/logo-osp-1.png\",\"width\":222,\"height\":219,\"caption\":\"Spiritual Books & Films Online Shop #1 | Open Sky Press\"},\"image\":{\"@id\":\"https:\/\/openskypress.com\/#\/schema\/logo\/image\/\"}}]}<\/script>\n<!-- \/ Yoast SEO plugin. -->","yoast_head_json":{"title":"Home - Spiritual Books &amp; Films Online Shop #1 | Open Sky Press DE","robots":{"index":"index","follow":"follow","max-snippet":"max-snippet:-1","max-image-preview":"max-image-preview:large","max-video-preview":"max-video-preview:-1"},"canonical":"https:\/\/openskypress.com\/de\/home\/","og_locale":"de_DE","og_type":"article","og_title":"Home - Spiritual Books &amp; Films Online Shop #1 | Open Sky Press DE","og_description":"[vc_row full_width=&#8220;stretch_row_content_no_spaces&#8220; css=&#8220;.vc_custom_1555708911255{margin-top: -18px !important;}&#8220;][vc_column offset=&#8220;vc_hidden-md vc_hidden-sm vc_hidden-xs&#8220;][layerslider_vc id=&#8220;5&#8243;][\/vc_column][\/vc_row][vc_row full_width=&#8220;stretch_row_content_no_spaces&#8220; css=&#8220;.vc_custom_1555708911255{margin-top: -18px !important;}&#8220;][vc_column offset=&#8220;vc_hidden-lg&#8220;][layerslider_vc id=&#8220;10&#8243;][\/vc_column][\/vc_row][vc_row][vc_column][vc_empty_space height=&#8220;40px&#8220;][\/vc_column][\/vc_row][vc_row][vc_column][vc_text_separator title=&#8220;Unsere Kategorien&#8220; color=&#8220;black&#8220;][\/vc_column][\/vc_row][vc_row][vc_column width=&#8220;1\/3&#8243;][laborator_image_banner image=&#8220;5358&#8243; img_size=&#8220;medium&#8220; is_category_link=&#8220;yes&#8220; product_term_id=&#8220;369&#8243; font_color=&#8220;#ffffff&#8220; animation=&#8220;zoomIn&#8220;][\/vc_column][vc_column width=&#8220;1\/3&#8243;][laborator_image_banner image=&#8220;5362&#8243; img_size=&#8220;medium&#8220; is_category_link=&#8220;yes&#8220; product_term_id=&#8220;390&#8243; font_color=&#8220;#ffffff&#8220; animation=&#8220;zoomIn&#8220;][\/vc_column][vc_column width=&#8220;1\/3&#8243;][laborator_image_banner image=&#8220;5366&#8243; img_size=&#8220;medium&#8220; is_category_link=&#8220;yes&#8220; product_term_id=&#8220;388&#8243; font_color=&#8220;#ffffff&#8220; animation=&#8220;zoomIn&#8220;][\/vc_column][\/vc_row][vc_row][vc_column][vc_btn title=&#8220;Mehr anzeigen&#8220; style=&#8220;custom&#8220; custom_background=&#8220;#bcbcbc&#8220; custom_text=&#8220;#666666&#8243; shape=&#8220;round&#8220; size=&#8220;lg&#8220; align=&#8220;center&#8220; link=&#8220;url:https%3A%2F%2Fopenskycharity.international%2Fde%2Fshop%2F|||&#8220;][\/vc_column][\/vc_row][vc_row][vc_column][vc_empty_space height=&#8220;40px&#8220;][vc_text_separator title=&#8220;Haupt-Autor&#8220; color=&#8220;black&#8220;][\/vc_column][\/vc_row][vc_row][vc_column width=&#8220;1\/4&#8243;][vc_single_image image=&#8220;5661&#8243; img_size=&#8220;full&#8220; [&hellip;]","og_url":"https:\/\/openskypress.com\/de\/home\/","og_site_name":"Spiritual Books &amp; Films Online Shop #1 | Open Sky Press DE","article_modified_time":"2025-10-18T16:43:46+00:00","twitter_card":"summary_large_image","twitter_misc":{"Gesch\u00e4tzte Lesezeit":"5\u00a0Minuten"},"schema":{"@context":"https:\/\/schema.org","@graph":[{"@type":"WebPage","@id":"https:\/\/openskypress.com\/de\/home\/","url":"https:\/\/openskypress.com\/de\/home\/","name":"Home - Spiritual Books &amp; Films Online Shop #1 | Open Sky Press DE","isPartOf":{"@id":"https:\/\/openskypress.com\/#website"},"datePublished":"2019-03-19T16:45:24+00:00","dateModified":"2025-10-18T16:43:46+00:00","breadcrumb":{"@id":"https:\/\/openskypress.com\/de\/home\/#breadcrumb"},"inLanguage":"de","potentialAction":[{"@type":"ReadAction","target":["https:\/\/openskypress.com\/de\/home\/"]}]},{"@type":"BreadcrumbList","@id":"https:\/\/openskypress.com\/de\/home\/#breadcrumb","itemListElement":[{"@type":"ListItem","position":1,"name":"Home","item":"https:\/\/openskypress.com\/es\/"},{"@type":"ListItem","position":2,"name":"Home"}]},{"@type":"WebSite","@id":"https:\/\/openskypress.com\/#website","url":"https:\/\/openskypress.com\/","name":"Spiritual Books & Films Online Shop #1 | Open Sky Press","description":"Best store of Books &amp; DVDs about Satsang, Indian &amp; Western philosophy &amp; yoga. Spiritual teachers talks about awakening, enlightenment and mindfulness","publisher":{"@id":"https:\/\/openskypress.com\/#organization"},"potentialAction":[{"@type":"SearchAction","target":{"@type":"EntryPoint","urlTemplate":"https:\/\/openskypress.com\/?s={search_term_string}"},"query-input":{"@type":"PropertyValueSpecification","valueRequired":true,"valueName":"search_term_string"}}],"inLanguage":"de"},{"@type":"Organization","@id":"https:\/\/openskypress.com\/#organization","name":"Spiritual Books & Films Online Shop #1 | Open Sky Press","url":"https:\/\/openskypress.com\/","logo":{"@type":"ImageObject","inLanguage":"de","@id":"https:\/\/openskypress.com\/#\/schema\/logo\/image\/","url":"https:\/\/openskypress.com\/wp-content\/uploads\/2020\/02\/logo-osp-1.png","contentUrl":"https:\/\/openskypress.com\/wp-content\/uploads\/2020\/02\/logo-osp-1.png","width":222,"height":219,"caption":"Spiritual Books & Films Online Shop #1 | Open Sky Press"},"image":{"@id":"https:\/\/openskypress.com\/#\/schema\/logo\/image\/"}}]}},"_links":{"self":[{"href":"https:\/\/openskypress.com\/de\/wp-json\/wp\/v2\/pages\/3320","targetHints":{"allow":["GET"]}}],"collection":[{"href":"https:\/\/openskypress.com\/de\/wp-json\/wp\/v2\/pages"}],"about":[{"href":"https:\/\/openskypress.com\/de\/wp-json\/wp\/v2\/types\/page"}],"author":[{"embeddable":true,"href":"https:\/\/openskypress.com\/de\/wp-json\/wp\/v2\/users\/1"}],"replies":[{"embeddable":true,"href":"https:\/\/openskypress.com\/de\/wp-json\/wp\/v2\/comments?post=3320"}],"version-history":[{"count":57,"href":"https:\/\/openskypress.com\/de\/wp-json\/wp\/v2\/pages\/3320\/revisions"}],"predecessor-version":[{"id":13895,"href":"https:\/\/openskypress.com\/de\/wp-json\/wp\/v2\/pages\/3320\/revisions\/13895"}],"wp:attachment":[{"href":"https:\/\/openskypress.com\/de\/wp-json\/wp\/v2\/media?parent=3320"}],"curies":[{"name":"wp","href":"https:\/\/api.w.org\/{rel}","templated":true}]}}